{"id":1037,"date":"2024-09-24T23:35:05","date_gmt":"2024-09-24T23:35:05","guid":{"rendered":"https:\/\/whiteclaw-us-2025.local\/?page_id=1037"},"modified":"2025-08-22T09:11:51","modified_gmt":"2025-08-22T09:11:51","slug":"terms-and-conditions","status":"publish","type":"page","link":"https:\/\/ca.whiteclaw.com\/fr\/terms-and-conditions\/","title":{"rendered":"Conditions G\u00e9n\u00e9rales"},"content":{"rendered":"\n<section style=\"--height-desktop: 403; --height-mobile: 240; --title-color: #e32c2c; --subtitle-color: #000000; --description-color: #000000; --background-color: none; --pointer-events: all;--button-color: #a5be7a; --button-alt-color: #22a8d2; --padding-top: 45; --padding-bottom: 45; --padding-top-mobile: 45; --padding-bottom-mobile: 45; --text-shadow: none; \" class=\"banner  wp-block-markanthonygroup-banner\">\n\n    \n    <div class=\"banner__content-wrap slide-up\">\n        \n        \n        \n                \n\n<p><\/p>\n\n    <\/div>\n        <picture>\n                <source media=\"(min-width: 769px)\" srcset=\"https:\/\/ca.whiteclaw.com\/fr\/wp-content\/uploads\/sites\/4\/2025\/07\/Term-and-condition.webp\">\n        \n                <source media=\"(max-width: 768px)\" srcset=\"https:\/\/ca.whiteclaw.com\/fr\/wp-content\/uploads\/sites\/4\/2025\/07\/Term-and-condition.webp\">\n        \n        <img decoding=\"async\" src=\"https:\/\/ca.whiteclaw.com\/fr\/wp-content\/uploads\/sites\/4\/2025\/07\/Term-and-condition.webp\" alt=\"Find Mike\u2019s Near You\"\n            class=\" banner__image\">\n    <\/picture>\n        <\/section>\n\n\n<div class=\"generic-text-page wp-block-markanthonygroup-generic-text-page\" style=\"--background-image-desktop: ; --background-image-mobile: ; \">\n    <div class=\"page-container\">\n        \n\n<p><strong><strong>UTILISATION DU SITE<\/strong><\/strong><\/p>\n\n\n\n<p><strong>1.1<\/strong>&nbsp;&nbsp;L\u2019acc\u00e8s \u00e0 ce site et son utilisation sont soumis \u00e0 toutes les lois et r\u00e9glementations applicables \u00e0 ce site, \u00e0 l\u2019Internet ou au World Wide Web, ainsi qu&#8217;aux pr\u00e9sentes conditions g\u00e9n\u00e9rales. L\u2019acc\u00e8s \u00e0 ce site ou son utilisation constitue une acceptation de ces conditions g\u00e9n\u00e9rales sans r\u00e9serve, ni limites ou restriction.<\/p>\n\n\n\n<p><strong>1.2<\/strong>&nbsp;&nbsp;Vous ne pouvez pas utiliser ce site si l&#8217;une des conditions suivantes s&#8217;applique \u00e0 vous : vous n&#8217;avez pas l&#8217;\u00e2ge l\u00e9gal pour boire de l\u2019alcool dans la juridiction \u00e0 partir de laquelle vous acc\u00e9dez \u00e0 ce site (Votre juridiction); il est \u00e9galement ill\u00e9gal dans Votre juridiction d&#8217;acc\u00e9der, de consulter ou d&#8217;utiliser ce site; ou encore si la consommation, l&#8217;utilisation, la publicit\u00e9 ou la promotion d&#8217;alcool ou de boissons alcoolis\u00e9es sont ill\u00e9gales dans Votre juridiction. Si l&#8217;une de ces conditions s&#8217;applique \u00e0 vous, veuillez quitter ce site imm\u00e9diatement. Si vous ne quittez pas ce site, vous serez alors r\u00e9put\u00e9, \u00e0 toutes fins utiles, avoir d\u00e9clar\u00e9 qu&#8217;aucune de ces conditions ne s&#8217;applique \u00e0 vous.<\/p>\n\n\n\n<p><strong>1.3<\/strong>&nbsp;&nbsp;Ce site est maintenu exclusivement pour l&#8217;usage personnel et le divertissement des personnes r\u00e9sidant dans des juridictions o\u00f9 la consommation et l&#8217;usage d&#8217;alcool sont autoris\u00e9s et qui ont l&#8217;\u00e2ge l\u00e9gal de consommer de l&#8217;alcool dans ces juridictions.<\/p>\n\n\n\n<p><strong>1.4<\/strong>&nbsp;&nbsp;Les renseignements affich\u00e9s par l&#8217;op\u00e9rateur de ce site sont jug\u00e9s dignes de foi au moment de leur affichage, bien qu\u2019aucune garantie ni aucune assurance ne soit donn\u00e9e en ce sens. Toute utilisation de ces informations ou leur fiabilit\u00e9 est \u00e0 vos propres risques. L\u2019acc\u00e8s \u00e0 ce site ou son utilisation est strictement sur une base \u00ab telle quelle \u00bb, et vous ne devez pas supposer que ce site sera exempt d&#8217;erreurs ou qu&#8217;il fonctionnera sans interruption ou encore tel que pr\u00e9vu.<\/p>\n\n\n\n<p><strong>1.5<\/strong>&nbsp;&nbsp;White Claw<sup>\u00ae<\/sup>&nbsp;se r\u00e9serve le droit de modifier, mettre \u00e0 jour, ajouter ou r\u00e9viser ces conditions \u00e0 tout moment et de temps \u00e0 autre. Toute modification, mise \u00e0 jour, addition ou r\u00e9vision entrera en vigueur imm\u00e9diatement apr\u00e8s son affichage sur ce site.<\/p>\n\n\n\n<p><strong>MARQUES DE COMMERCE ET DROITS D&#8217;AUTEUR<\/strong><\/p>\n\n\n\n<p><strong>2.1<\/strong>&nbsp;&nbsp;<sup>\u00a9<\/sup>&nbsp;2023&nbsp;et&nbsp;<sup>\u2122<\/sup>&nbsp;et&nbsp;<sup>\u00ae<\/sup>&nbsp;sont des marques de commerce et des marques d\u00e9pos\u00e9es de White Claw<sup>\u00ae<\/sup>&nbsp;Seltzer Co. Toutes les r\u00e9f\u00e9rences \u00e0 \u00ab White Claw<sup>\u00ae<\/sup>&nbsp;\u00bb dans ce site sont des r\u00e9f\u00e9rences au propri\u00e9taire ou aux licenci\u00e9s de ces marques dans Votre Juridiction, et tous les droits concernant ces marques de commerce sont r\u00e9serv\u00e9s.<\/p>\n\n\n\n<p><strong>2.2<\/strong>&nbsp;&nbsp;Tout ce que vous voyez ou lisez sur ce site est prot\u00e9g\u00e9 par le droit d&#8217;auteur, sauf indication contraire, et vous ne pouvez rien utiliser provenant de ce site sans la permission \u00e9crite de White Claw<sup>\u00ae<\/sup>, sauf si mentionn\u00e9 dans ces conditions g\u00e9n\u00e9rales ou dans le texte du site. White Claw<sup>\u00ae<\/sup>&nbsp;ne garantit ni n\u2019affirme que l\u2019utilisation du mat\u00e9riel affich\u00e9 sur ce site ou t\u00e9l\u00e9charg\u00e9 \u00e0 partir de ce site n&#8217;enfreindra pas les droits de tierces parties n\u2019appartenant pas ou n\u2019\u00e9tant pas affili\u00e9es \u00e0 White Claw<sup>\u00ae<\/sup>.<\/p>\n\n\n\n<p><strong>2.3<\/strong>&nbsp;&nbsp;Rien de ce qui est contenu sur ce site ne doit \u00eatre interpr\u00e9t\u00e9 comme accordant, par implication, pr\u00e9clusion ou autre, une licence ou un droit d&#8217;utilisation des marques de commerce, logos, marques enregistr\u00e9es ou designs affich\u00e9s sur ce site, sans la permission \u00e9crite de White Claw<sup>\u00ae<\/sup>&nbsp;ou d\u2019une tierce partie pouvant \u00eatre propri\u00e9taire de tout \u00e9l\u00e9ment affich\u00e9 sur le site. L\u2019utilisation d&#8217;une marque de commerce, d&#8217;un logo, d&#8217;une marque enregistr\u00e9e, d&#8217;un design et autre propri\u00e9t\u00e9 intellectuelle affich\u00e9s sur ce site et tout autre contenu de ce site, est strictement interdite, sauf dans la mesure limit\u00e9e express\u00e9ment autoris\u00e9e dans les pr\u00e9sentes conditions g\u00e9n\u00e9rales. White Claw<sup>\u00ae<\/sup>&nbsp;fera valoir \u00e9nergiquement ses droits de propri\u00e9t\u00e9 intellectuelle dans toute la rigueur de la loi, si vous enfreignez l&#8217;une de ces conditions.<\/p>\n\n\n\n<p><strong>INSCRIPTIONS<\/strong><\/p>\n\n\n\n<p><strong>3.1<\/strong>&nbsp;&nbsp;Toute communication ou tout contenu que vous transmettez \u00e0 White Claw<sup>\u00ae<\/sup>&nbsp;ou par le biais de ce site par courrier \u00e9lectronique ou autrement, y compris les donn\u00e9es, questions, commentaires, suggestions ou autres \u2013 tous ces \u00e9l\u00e9ments collectivement appel\u00e9s \u00ab Inscription \u00bb \u2013 sont et seront trait\u00e9s comme non confidentiels et non exclusifs. Toutes les Inscriptions que vous transmettez ou affichez deviennent la propri\u00e9t\u00e9 de White Claw<sup>\u00ae<\/sup>&nbsp;et de ses filiales et peuvent \u00eatre utilis\u00e9es et exploit\u00e9es pour n&#8217;importe quelle fin, y compris, mais sans s\u2019y limiter, reproduction, divulgation, transmission, publication, diffusion, affichage et toute autre exploitation de quelque fa\u00e7on que ce soit, que ce soit pour un b\u00e9n\u00e9fice commercial ou autre ayant ou non votre nom associ\u00e9 au contenu, au choix de White Claw<sup>\u00ae<\/sup>. White Claw<sup>\u00ae<\/sup>&nbsp;est libre d&#8217;utiliser les id\u00e9es, concepts, savoir-faire ou techniques contenus dans toute Inscription \u00e0 n&#8217;importe quelle fin, y compris, mais sans s&#8217;y limiter, conception, fabrication et commercialisation de produits utilisant ces informations. \u00c0 cet \u00e9gard, en transmettant toute Inscription \u00e0 White Claw<sup>\u00ae<\/sup>, vous serez consid\u00e9r\u00e9 \u00e0 toutes fins utiles avoir c\u00e9d\u00e9 et transf\u00e9r\u00e9 \u00e0 White Claw<sup>\u00ae<\/sup>&nbsp;tous les droits d&#8217;auteur, marques de commerce et autres droits de propri\u00e9t\u00e9 intellectuelle de l\u2019Inscription et d&#8217;avoir irr\u00e9vocablement c\u00e9d\u00e9 et lib\u00e9r\u00e9 tous les droits moraux ou individuels reli\u00e9s \u00e0 l\u2019Inscription, et vous reconnaissez et acceptez que le fait de cliquer sur le \u00ab Bouton confirmant votre acceptation des pr\u00e9sentes conditions \u00bb qui est requis pour envoyer une Inscription sera consid\u00e9r\u00e9 \u00e0 toutes fins utiles comme \u00e9tant votre signature \u00e9lectronique des pr\u00e9sentes conditions. White Claw<sup>\u00ae<\/sup>&nbsp;est libre d&#8217;utiliser les id\u00e9es, concepts, savoir-faire ou techniques contenus dans toute Inscription, \u00e0 quelque fin que ce soit.<\/p>\n\n\n\n<p><strong>3.2<\/strong>&nbsp;&nbsp;Sans limiter la g\u00e9n\u00e9ralit\u00e9 de l&#8217;article 3.1 ci-dessus, vous acceptez de signer et de remettre \u00e0 White Claw<sup>\u00ae<\/sup>&nbsp;sur demande tous les autres documents et garanties que White Claw<sup>\u00ae<\/sup>&nbsp;pourrait requ\u00e9rir en rapport avec les cessions, transferts, lib\u00e9rations et renonciations pr\u00e9vus par cet article.<\/p>\n\n\n\n<p><strong>3.3<\/strong>&nbsp;&nbsp;White Claw<sup>\u00ae<\/sup>&nbsp;n&#8217;est pas responsable des inscriptions qui peuvent \u00eatre affich\u00e9es dans n\u2019importe quel forum ou groupe de discussion accessibles ou provenant de ce site, et White Claw<sup>\u00ae<\/sup>&nbsp;aura le droit (mais non l&#8217;obligation) de retirer de ce forum ou groupe de discussion, tout \u00e9l\u00e9ment qu&#8217;elle juge bon de retirer pour une raison quelconque. Vous ne devez pas soumettre ou publier par l&#8217;interm\u00e9diaire de ce site ou de ces forums ou groupes de discussion, tout ce qui : diffame, calomnie ou envahit la vie priv\u00e9e de toute personne; est obsc\u00e8ne, pornographique, abusif ou mena\u00e7ant; enfreint toute propri\u00e9t\u00e9 intellectuelle ou tout autre droit de toute personne ou entit\u00e9, y compris, mais sans s\u2019y limiter, droits d&#8217;auteur et marques de commerce; enfreint une loi quelconque; pr\u00e9conise ou d\u00e9crit toute activit\u00e9 ill\u00e9gale; ou encore fait de la publicit\u00e9 ou sollicite des fonds pour des biens ou des services.<\/p>\n\n\n\n<p><strong>LIMITATION DE RESPONSABILIT\u00c9 ET D&#8217;INDEMNISATION<\/strong><\/p>\n\n\n\n<p><strong>4.1<\/strong>&nbsp;&nbsp;L\u2019utilisation de ce site et la navigation sur ce site sont \u00e0 vos propres risques. Ni White Claw<sup>\u00ae<\/sup>, ni aucun de ses administrateurs, dirigeants, employ\u00e9s ou agences, ni aucune autre partie impliqu\u00e9e dans la cr\u00e9ation, la production, la livraison ou le fonctionnement de ce site n&#8217;est responsable de tout dommage direct, accidentel, cons\u00e9cutif, indirect ou punitif d\u00e9coulant de votre acc\u00e8s \u00e0 ce site ou de son utilisation ou de toute cons\u00e9quence qui en d\u00e9coule, y compris, mais sans s&#8217;y limiter, les virus informatiques qui peuvent infecter ou endommager votre \u00e9quipement informatique ou d&#8217;autres biens, ce qui pourrait survenir \u00e0 la suite de votre acc\u00e8s, utilisation ou navigation dans ce site ou de votre t\u00e9l\u00e9chargement de tout mat\u00e9riel, donn\u00e9e, texte, image, vid\u00e9o ou audio de ce site.<\/p>\n\n\n\n<p><strong>4.2<\/strong>&nbsp;&nbsp;Sans limiter la g\u00e9n\u00e9ralit\u00e9 de l&#8217;article 4.1, tout ce qui se trouve sur ce site vous est fourni sans aucune garantie ou assertion de quelque nature que ce soit, qu&#8217;elle soit expresse ou implicite, y compris, mais non exclusivement, les garanties implicites de qualit\u00e9 marchande, adaptation \u00e0 un usage particulier, absence de contrefa\u00e7on ou toute autre garantie qui peut \u00eatre implicite en vertu des lois de toute juridiction, \u00e0 moins que dans votre juridiction, l&#8217;exclusion de certaines ou de toutes ces garanties expresses ou implicites ne soit pas autoris\u00e9e ou restreinte, auquel cas toutes ces garanties expresses ou implicites seraient exclues dans toute la mesure permise par la loi dans Votre juridiction.<\/p>\n\n\n\n<p><strong>4.3<\/strong>&nbsp;&nbsp;Vous promettez de d\u00e9gager de toute responsabilit\u00e9 White Claw<sup>\u00ae<\/sup>, ainsi que ses administrateurs, dirigeants, employ\u00e9s, agents et distributeurs, de et contre toute r\u00e9clamation, requ\u00eate, dommage, frais et d\u00e9penses de quelque nature que ce soit, y compris, mais sans s&#8217;y limiter, les frais et d\u00e9bours juridiques raisonnables, r\u00e9sultant directement ou indirectement de : la violation de l&#8217;une de vos ententes, assertions ou garanties \u00e9nonc\u00e9es dans les pr\u00e9sentes conditions g\u00e9n\u00e9rales; votre acc\u00e8s \u00e0 ce site ou son utilisation ou de tout autre site auquel ce site est ou peut \u00eatre li\u00e9 de temps \u00e0 autre, ou votre utilisation de, votre confiance en, ou la publication, la communication ou la distribution de quoi que ce soit sur ou \u00e0 partir de ce site ou de tout autre site auquel ce site peut \u00eatre li\u00e9 de temps \u00e0 autre; ou encore \u00e0 une violation de toute loi ou r\u00e9glementation.<\/p>\n\n\n\n<p><strong>ENJEUX DE LA CONFIDENTIALIT\u00c9 ET DU RESPECT DE LA VIE PRIV\u00c9E<\/strong><\/p>\n\n\n\n<p><strong>5.1<\/strong>&nbsp;&nbsp;\u00c0 moins d&#8217;\u00eatre crypt\u00e9e, l&#8217;information envoy\u00e9e ou re\u00e7ue sur l\u2019Internet n&#8217;est pas s\u00e9curis\u00e9e et White Claw<sup>\u00ae<\/sup>&nbsp;ne peut faire et ne fait aucune assertion, garantie ou promesse concernant l&#8217;interception par des tiers de vos renseignements personnels ou autres. White Claw<sup>\u00ae<\/sup>&nbsp;ne sera pas responsable de tout dommage que vous ou une tierce partie pourriez subir \u00e0 la suite de ou en relation avec la transmission de toute information de ou vers White Claw<sup>\u00ae<\/sup>&nbsp;par le biais de ce site.<\/p>\n\n\n\n<p><strong>5.2<\/strong>&nbsp;&nbsp;Par votre acc\u00e8s \u00e0 ce site ou par son utilisation, White Claw<sup>\u00ae<\/sup>&nbsp;est capable et peut en fait recueillir certaines informations sur vous et l\u2019utilisation que vous faites du site web. Ce faisant, White Claw<sup>\u00ae<\/sup>&nbsp;devra se conformer \u00e0 la politique de confidentialit\u00e9 en ligne de White Claw<sup>\u00ae<\/sup>. Vous pouvez acc\u00e9der au texte complet de la Politique de confidentialit\u00e9 en s\u00e9lectionnant le lien dans le pied de page.<\/p>\n\n\n\n<p><strong>SITES LI\u00c9S<\/strong><\/p>\n\n\n\n<p><strong>6.1<\/strong>&nbsp;&nbsp;Si, et dans la mesure o\u00f9 d&#8217;autres sites sur le World Wide Web sont li\u00e9s \u00e0 ce site \u00e0 tout moment, White Claw<sup>\u00ae<\/sup>&nbsp;n&#8217;est pas responsable du contenu de ces sites li\u00e9s ou de tout lien contenu dans tel site li\u00e9. White Claw<sup>\u00ae<\/sup>&nbsp;se r\u00e9serve le droit de mettre fin \u00e0 tout lien ou programme de liaison \u00e0 tout moment et la liaison de tout site vers ou \u00e0 travers ce site n&#8217;implique pas que White Claw<sup>\u00ae<\/sup>&nbsp;endosse ces soci\u00e9t\u00e9s, produits ou informations offerts, d\u00e9crits ou autrement rendus disponibles sur ou \u00e0 travers ces sites li\u00e9s. Si vous d\u00e9cidez d&#8217;acc\u00e9der \u00e0 tout site li\u00e9 \u00e0 ce site ou \u00e0 ce site lui-m\u00eame, vous le faites enti\u00e8rement \u00e0 vos propres risques. White Claw<sup>\u00ae<\/sup>&nbsp;se r\u00e9serve le droit de modifier, mettre \u00e0 jour, ajouter ou r\u00e9viser ces conditions \u00e0 tout moment et de temps \u00e0 autre. Toute modification, mise \u00e0 jour, addition ou r\u00e9vision entrera en vigueur imm\u00e9diatement apr\u00e8s son affichage sur ce site.<\/p>\n\n\n\n<p><\/p>\n\n    <\/div>\n<\/div>","protected":false},"excerpt":{"rendered":"","protected":false},"author":4,"featured_media":0,"parent":0,"menu_order":9,"comment_status":"closed","ping_status":"closed","template":"","meta":{"_acf_changed":false,"footnotes":""},"class_list":["post-1037","page","type-page","status-publish","hentry"],"acf":[],"yoast_head":"<!-- This site is optimized with the Yoast SEO plugin v27.2 - https:\/\/yoast.com\/product\/yoast-seo-wordpress\/ -->\n<title>Conditions g\u00e9n\u00e9rales | White Claw\u00ae Canada<\/title>\n<meta name=\"description\" content=\"Consulter nos conditions g\u00e9n\u00e9rales.\" \/>\n<meta name=\"robots\" content=\"index, follow, max-snippet:-1, max-image-preview:large, max-video-preview:-1\" \/>\n<link rel=\"canonical\" href=\"https:\/\/ca.whiteclaw.com\/fr\/terms-and-conditions\/\" \/>\n<meta property=\"og:locale\" content=\"fr_CA\" \/>\n<meta property=\"og:type\" content=\"article\" \/>\n<meta property=\"og:title\" content=\"Conditions g\u00e9n\u00e9rales | White Claw\u00ae Canada\" \/>\n<meta property=\"og:description\" content=\"Consulter nos conditions g\u00e9n\u00e9rales.\" \/>\n<meta property=\"og:url\" content=\"https:\/\/ca.whiteclaw.com\/fr\/terms-and-conditions\/\" \/>\n<meta property=\"og:site_name\" content=\"White Claw\u00ae Canada | On prend la vague\" \/>\n<meta property=\"article:modified_time\" content=\"2025-08-22T09:11:51+00:00\" \/>\n<meta name=\"twitter:card\" content=\"summary_large_image\" \/>\n<meta name=\"twitter:label1\" content=\"Est. reading time\" \/>\n\t<meta name=\"twitter:data1\" content=\"8 minutes\" \/>\n<script type=\"application\/ld+json\" class=\"yoast-schema-graph\">{\"@context\":\"https:\/\/schema.org\",\"@graph\":[{\"@type\":\"WebPage\",\"@id\":\"https:\/\/ca.whiteclaw.com\/fr\/terms-and-conditions\/\",\"url\":\"https:\/\/ca.whiteclaw.com\/fr\/terms-and-conditions\/\",\"name\":\"Conditions g\u00e9n\u00e9rales | White Claw\u00ae Canada\",\"isPartOf\":{\"@id\":\"https:\/\/ca.whiteclaw.com\/fr\/#website\"},\"datePublished\":\"2024-09-24T23:35:05+00:00\",\"dateModified\":\"2025-08-22T09:11:51+00:00\",\"description\":\"Consulter nos conditions g\u00e9n\u00e9rales.\",\"breadcrumb\":{\"@id\":\"https:\/\/ca.whiteclaw.com\/fr\/terms-and-conditions\/#breadcrumb\"},\"inLanguage\":\"en-US\",\"potentialAction\":[{\"@type\":\"ReadAction\",\"target\":[\"https:\/\/ca.whiteclaw.com\/fr\/terms-and-conditions\/\"]}]},{\"@type\":\"BreadcrumbList\",\"@id\":\"https:\/\/ca.whiteclaw.com\/fr\/terms-and-conditions\/#breadcrumb\",\"itemListElement\":[{\"@type\":\"ListItem\",\"position\":1,\"name\":\"Home\",\"item\":\"https:\/\/ca.whiteclaw.com\/fr\/\"},{\"@type\":\"ListItem\",\"position\":2,\"name\":\"Conditions G\u00e9n\u00e9rales\"}]},{\"@type\":\"WebSite\",\"@id\":\"https:\/\/ca.whiteclaw.com\/fr\/#website\",\"url\":\"https:\/\/ca.whiteclaw.com\/fr\/\",\"name\":\"White Claw\u00ae Canada | On prend la vague\",\"description\":\"\",\"publisher\":{\"@id\":\"https:\/\/ca.whiteclaw.com\/fr\/#organization\"},\"potentialAction\":[{\"@type\":\"SearchAction\",\"target\":{\"@type\":\"EntryPoint\",\"urlTemplate\":\"https:\/\/ca.whiteclaw.com\/fr\/?s={search_term_string}\"},\"query-input\":{\"@type\":\"PropertyValueSpecification\",\"valueRequired\":true,\"valueName\":\"search_term_string\"}}],\"inLanguage\":\"en-US\"},{\"@type\":\"Organization\",\"@id\":\"https:\/\/ca.whiteclaw.com\/fr\/#organization\",\"name\":\"White Claw\u00ae Canada | On prend la vague\",\"url\":\"https:\/\/ca.whiteclaw.com\/fr\/\",\"logo\":{\"@type\":\"ImageObject\",\"inLanguage\":\"en-US\",\"@id\":\"https:\/\/ca.whiteclaw.com\/fr\/#\/schema\/logo\/image\/\",\"url\":\"https:\/\/ca.whiteclaw.com\/fr\/wp-content\/uploads\/sites\/4\/2025\/05\/cropped-logo.webp\",\"contentUrl\":\"https:\/\/ca.whiteclaw.com\/fr\/wp-content\/uploads\/sites\/4\/2025\/05\/cropped-logo.webp\",\"width\":120,\"height\":120,\"caption\":\"White Claw\u00ae Canada | On prend la vague  \"},\"image\":{\"@id\":\"https:\/\/ca.whiteclaw.com\/fr\/#\/schema\/logo\/image\/\"}}]}<\/script>\n<!-- \/ Yoast SEO plugin. -->","yoast_head_json":{"title":"Conditions g\u00e9n\u00e9rales | White Claw\u00ae Canada","description":"Consulter nos conditions g\u00e9n\u00e9rales.","robots":{"index":"index","follow":"follow","max-snippet":"max-snippet:-1","max-image-preview":"max-image-preview:large","max-video-preview":"max-video-preview:-1"},"canonical":"https:\/\/ca.whiteclaw.com\/fr\/terms-and-conditions\/","og_locale":"fr_CA","og_type":"article","og_title":"Conditions g\u00e9n\u00e9rales | White Claw\u00ae Canada","og_description":"Consulter nos conditions g\u00e9n\u00e9rales.","og_url":"https:\/\/ca.whiteclaw.com\/fr\/terms-and-conditions\/","og_site_name":"White Claw\u00ae Canada | On prend la vague","article_modified_time":"2025-08-22T09:11:51+00:00","twitter_card":"summary_large_image","twitter_misc":{"Est. reading time":"8 minutes"},"schema":{"@context":"https:\/\/schema.org","@graph":[{"@type":"WebPage","@id":"https:\/\/ca.whiteclaw.com\/fr\/terms-and-conditions\/","url":"https:\/\/ca.whiteclaw.com\/fr\/terms-and-conditions\/","name":"Conditions g\u00e9n\u00e9rales | White Claw\u00ae Canada","isPartOf":{"@id":"https:\/\/ca.whiteclaw.com\/fr\/#website"},"datePublished":"2024-09-24T23:35:05+00:00","dateModified":"2025-08-22T09:11:51+00:00","description":"Consulter nos conditions g\u00e9n\u00e9rales.","breadcrumb":{"@id":"https:\/\/ca.whiteclaw.com\/fr\/terms-and-conditions\/#breadcrumb"},"inLanguage":"en-US","potentialAction":[{"@type":"ReadAction","target":["https:\/\/ca.whiteclaw.com\/fr\/terms-and-conditions\/"]}]},{"@type":"BreadcrumbList","@id":"https:\/\/ca.whiteclaw.com\/fr\/terms-and-conditions\/#breadcrumb","itemListElement":[{"@type":"ListItem","position":1,"name":"Home","item":"https:\/\/ca.whiteclaw.com\/fr\/"},{"@type":"ListItem","position":2,"name":"Conditions G\u00e9n\u00e9rales"}]},{"@type":"WebSite","@id":"https:\/\/ca.whiteclaw.com\/fr\/#website","url":"https:\/\/ca.whiteclaw.com\/fr\/","name":"White Claw\u00ae Canada | On prend la vague","description":"","publisher":{"@id":"https:\/\/ca.whiteclaw.com\/fr\/#organization"},"potentialAction":[{"@type":"SearchAction","target":{"@type":"EntryPoint","urlTemplate":"https:\/\/ca.whiteclaw.com\/fr\/?s={search_term_string}"},"query-input":{"@type":"PropertyValueSpecification","valueRequired":true,"valueName":"search_term_string"}}],"inLanguage":"en-US"},{"@type":"Organization","@id":"https:\/\/ca.whiteclaw.com\/fr\/#organization","name":"White Claw\u00ae Canada | On prend la vague","url":"https:\/\/ca.whiteclaw.com\/fr\/","logo":{"@type":"ImageObject","inLanguage":"en-US","@id":"https:\/\/ca.whiteclaw.com\/fr\/#\/schema\/logo\/image\/","url":"https:\/\/ca.whiteclaw.com\/fr\/wp-content\/uploads\/sites\/4\/2025\/05\/cropped-logo.webp","contentUrl":"https:\/\/ca.whiteclaw.com\/fr\/wp-content\/uploads\/sites\/4\/2025\/05\/cropped-logo.webp","width":120,"height":120,"caption":"White Claw\u00ae Canada | On prend la vague  "},"image":{"@id":"https:\/\/ca.whiteclaw.com\/fr\/#\/schema\/logo\/image\/"}}]}},"_links":{"self":[{"href":"https:\/\/ca.whiteclaw.com\/fr\/wp-json\/wp\/v2\/pages\/1037","targetHints":{"allow":["GET"]}}],"collection":[{"href":"https:\/\/ca.whiteclaw.com\/fr\/wp-json\/wp\/v2\/pages"}],"about":[{"href":"https:\/\/ca.whiteclaw.com\/fr\/wp-json\/wp\/v2\/types\/page"}],"author":[{"embeddable":true,"href":"https:\/\/ca.whiteclaw.com\/fr\/wp-json\/wp\/v2\/users\/4"}],"replies":[{"embeddable":true,"href":"https:\/\/ca.whiteclaw.com\/fr\/wp-json\/wp\/v2\/comments?post=1037"}],"version-history":[{"count":0,"href":"https:\/\/ca.whiteclaw.com\/fr\/wp-json\/wp\/v2\/pages\/1037\/revisions"}],"wp:attachment":[{"href":"https:\/\/ca.whiteclaw.com\/fr\/wp-json\/wp\/v2\/media?parent=1037"}],"curies":[{"name":"wp","href":"https:\/\/api.w.org\/{rel}","templated":true}]}}