{"id":1111,"date":"2024-10-11T16:21:46","date_gmt":"2024-10-11T16:21:46","guid":{"rendered":"https:\/\/whiteclaw-us-2025.local\/?page_id=1111"},"modified":"2025-08-22T09:48:20","modified_gmt":"2025-08-22T09:48:20","slug":"privacy","status":"publish","type":"page","link":"https:\/\/ca.whiteclaw.com\/fr\/privacy\/","title":{"rendered":"Politique de Confidentialit\u00e9"},"content":{"rendered":"\n<div class=\"generic-text-page wp-block-markanthonygroup-generic-text-page\" style=\"--background-image-desktop: ; --background-image-mobile: ; \">\n    <div class=\"page-container\">\n        \n\n<script type=\"text\/javascript\" src=\"https:\/\/gpp.markanthony.com\/privacy-policy.js?entity=MAG&#038;language=fr-ca\"><\/script>\n\n    <\/div>\n<\/div>","protected":false},"excerpt":{"rendered":"","protected":false},"author":4,"featured_media":0,"parent":0,"menu_order":8,"comment_status":"closed","ping_status":"closed","template":"","meta":{"_acf_changed":false,"footnotes":""},"class_list":["post-1111","page","type-page","status-publish","hentry"],"acf":[],"yoast_head":"<!-- This site is optimized with the Yoast SEO plugin v27.2 - https:\/\/yoast.com\/product\/yoast-seo-wordpress\/ -->\n<title>Politique de confidentialit\u00e9 | White Claw\u00ae Canada<\/title>\n<meta name=\"description\" content=\"Nous avons donc r\u00e9dig\u00e9 cette politique de confidentialit\u00e9 pour vous aider \u00e0 comprendre comment nous recueillons, utilisons ou r\u00e9v\u00e9lons vos donn\u00e9es.\" \/>\n<meta name=\"robots\" content=\"index, follow, max-snippet:-1, max-image-preview:large, max-video-preview:-1\" \/>\n<link rel=\"canonical\" href=\"https:\/\/ca.whiteclaw.com\/fr\/privacy\/\" \/>\n<meta property=\"og:locale\" content=\"fr_CA\" \/>\n<meta property=\"og:type\" content=\"article\" \/>\n<meta property=\"og:title\" content=\"Politique de confidentialit\u00e9 | White Claw\u00ae Canada\" \/>\n<meta property=\"og:description\" content=\"Nous avons donc r\u00e9dig\u00e9 cette politique de confidentialit\u00e9 pour vous aider \u00e0 comprendre comment nous recueillons, utilisons ou r\u00e9v\u00e9lons vos donn\u00e9es.\" \/>\n<meta property=\"og:url\" content=\"https:\/\/ca.whiteclaw.com\/fr\/privacy\/\" \/>\n<meta property=\"og:site_name\" content=\"White Claw\u00ae Canada | On prend la vague\" \/>\n<meta property=\"article:modified_time\" content=\"2025-08-22T09:48:20+00:00\" \/>\n<meta name=\"twitter:card\" content=\"summary_large_image\" \/>\n<script type=\"application\/ld+json\" class=\"yoast-schema-graph\">{\"@context\":\"https:\/\/schema.org\",\"@graph\":[{\"@type\":\"WebPage\",\"@id\":\"https:\/\/ca.whiteclaw.com\/fr\/privacy\/\",\"url\":\"https:\/\/ca.whiteclaw.com\/fr\/privacy\/\",\"name\":\"Politique de confidentialit\u00e9 | White Claw\u00ae Canada\",\"isPartOf\":{\"@id\":\"https:\/\/ca.whiteclaw.com\/fr\/#website\"},\"datePublished\":\"2024-10-11T16:21:46+00:00\",\"dateModified\":\"2025-08-22T09:48:20+00:00\",\"description\":\"Nous avons donc r\u00e9dig\u00e9 cette politique de confidentialit\u00e9 pour vous aider \u00e0 comprendre comment nous recueillons, utilisons ou r\u00e9v\u00e9lons vos donn\u00e9es.\",\"breadcrumb\":{\"@id\":\"https:\/\/ca.whiteclaw.com\/fr\/privacy\/#breadcrumb\"},\"inLanguage\":\"en-US\",\"potentialAction\":[{\"@type\":\"ReadAction\",\"target\":[\"https:\/\/ca.whiteclaw.com\/fr\/privacy\/\"]}]},{\"@type\":\"BreadcrumbList\",\"@id\":\"https:\/\/ca.whiteclaw.com\/fr\/privacy\/#breadcrumb\",\"itemListElement\":[{\"@type\":\"ListItem\",\"position\":1,\"name\":\"Home\",\"item\":\"https:\/\/ca.whiteclaw.com\/fr\/\"},{\"@type\":\"ListItem\",\"position\":2,\"name\":\"Politique de Confidentialit\u00e9\"}]},{\"@type\":\"WebSite\",\"@id\":\"https:\/\/ca.whiteclaw.com\/fr\/#website\",\"url\":\"https:\/\/ca.whiteclaw.com\/fr\/\",\"name\":\"White Claw\u00ae Canada | On prend la vague\",\"description\":\"\",\"publisher\":{\"@id\":\"https:\/\/ca.whiteclaw.com\/fr\/#organization\"},\"potentialAction\":[{\"@type\":\"SearchAction\",\"target\":{\"@type\":\"EntryPoint\",\"urlTemplate\":\"https:\/\/ca.whiteclaw.com\/fr\/?s={search_term_string}\"},\"query-input\":{\"@type\":\"PropertyValueSpecification\",\"valueRequired\":true,\"valueName\":\"search_term_string\"}}],\"inLanguage\":\"en-US\"},{\"@type\":\"Organization\",\"@id\":\"https:\/\/ca.whiteclaw.com\/fr\/#organization\",\"name\":\"White Claw\u00ae Canada | On prend la vague\",\"url\":\"https:\/\/ca.whiteclaw.com\/fr\/\",\"logo\":{\"@type\":\"ImageObject\",\"inLanguage\":\"en-US\",\"@id\":\"https:\/\/ca.whiteclaw.com\/fr\/#\/schema\/logo\/image\/\",\"url\":\"https:\/\/ca.whiteclaw.com\/fr\/wp-content\/uploads\/sites\/4\/2025\/05\/cropped-logo.webp\",\"contentUrl\":\"https:\/\/ca.whiteclaw.com\/fr\/wp-content\/uploads\/sites\/4\/2025\/05\/cropped-logo.webp\",\"width\":120,\"height\":120,\"caption\":\"White Claw\u00ae Canada | On prend la vague  \"},\"image\":{\"@id\":\"https:\/\/ca.whiteclaw.com\/fr\/#\/schema\/logo\/image\/\"}}]}<\/script>\n<!-- \/ Yoast SEO plugin. -->","yoast_head_json":{"title":"Politique de confidentialit\u00e9 | White Claw\u00ae Canada","description":"Nous avons donc r\u00e9dig\u00e9 cette politique de confidentialit\u00e9 pour vous aider \u00e0 comprendre comment nous recueillons, utilisons ou r\u00e9v\u00e9lons vos donn\u00e9es.","robots":{"index":"index","follow":"follow","max-snippet":"max-snippet:-1","max-image-preview":"max-image-preview:large","max-video-preview":"max-video-preview:-1"},"canonical":"https:\/\/ca.whiteclaw.com\/fr\/privacy\/","og_locale":"fr_CA","og_type":"article","og_title":"Politique de confidentialit\u00e9 | White Claw\u00ae Canada","og_description":"Nous avons donc r\u00e9dig\u00e9 cette politique de confidentialit\u00e9 pour vous aider \u00e0 comprendre comment nous recueillons, utilisons ou r\u00e9v\u00e9lons vos donn\u00e9es.","og_url":"https:\/\/ca.whiteclaw.com\/fr\/privacy\/","og_site_name":"White Claw\u00ae Canada | On prend la vague","article_modified_time":"2025-08-22T09:48:20+00:00","twitter_card":"summary_large_image","schema":{"@context":"https:\/\/schema.org","@graph":[{"@type":"WebPage","@id":"https:\/\/ca.whiteclaw.com\/fr\/privacy\/","url":"https:\/\/ca.whiteclaw.com\/fr\/privacy\/","name":"Politique de confidentialit\u00e9 | White Claw\u00ae Canada","isPartOf":{"@id":"https:\/\/ca.whiteclaw.com\/fr\/#website"},"datePublished":"2024-10-11T16:21:46+00:00","dateModified":"2025-08-22T09:48:20+00:00","description":"Nous avons donc r\u00e9dig\u00e9 cette politique de confidentialit\u00e9 pour vous aider \u00e0 comprendre comment nous recueillons, utilisons ou r\u00e9v\u00e9lons vos donn\u00e9es.","breadcrumb":{"@id":"https:\/\/ca.whiteclaw.com\/fr\/privacy\/#breadcrumb"},"inLanguage":"en-US","potentialAction":[{"@type":"ReadAction","target":["https:\/\/ca.whiteclaw.com\/fr\/privacy\/"]}]},{"@type":"BreadcrumbList","@id":"https:\/\/ca.whiteclaw.com\/fr\/privacy\/#breadcrumb","itemListElement":[{"@type":"ListItem","position":1,"name":"Home","item":"https:\/\/ca.whiteclaw.com\/fr\/"},{"@type":"ListItem","position":2,"name":"Politique de Confidentialit\u00e9"}]},{"@type":"WebSite","@id":"https:\/\/ca.whiteclaw.com\/fr\/#website","url":"https:\/\/ca.whiteclaw.com\/fr\/","name":"White Claw\u00ae Canada | On prend la vague","description":"","publisher":{"@id":"https:\/\/ca.whiteclaw.com\/fr\/#organization"},"potentialAction":[{"@type":"SearchAction","target":{"@type":"EntryPoint","urlTemplate":"https:\/\/ca.whiteclaw.com\/fr\/?s={search_term_string}"},"query-input":{"@type":"PropertyValueSpecification","valueRequired":true,"valueName":"search_term_string"}}],"inLanguage":"en-US"},{"@type":"Organization","@id":"https:\/\/ca.whiteclaw.com\/fr\/#organization","name":"White Claw\u00ae Canada | On prend la vague","url":"https:\/\/ca.whiteclaw.com\/fr\/","logo":{"@type":"ImageObject","inLanguage":"en-US","@id":"https:\/\/ca.whiteclaw.com\/fr\/#\/schema\/logo\/image\/","url":"https:\/\/ca.whiteclaw.com\/fr\/wp-content\/uploads\/sites\/4\/2025\/05\/cropped-logo.webp","contentUrl":"https:\/\/ca.whiteclaw.com\/fr\/wp-content\/uploads\/sites\/4\/2025\/05\/cropped-logo.webp","width":120,"height":120,"caption":"White Claw\u00ae Canada | On prend la vague  "},"image":{"@id":"https:\/\/ca.whiteclaw.com\/fr\/#\/schema\/logo\/image\/"}}]}},"_links":{"self":[{"href":"https:\/\/ca.whiteclaw.com\/fr\/wp-json\/wp\/v2\/pages\/1111","targetHints":{"allow":["GET"]}}],"collection":[{"href":"https:\/\/ca.whiteclaw.com\/fr\/wp-json\/wp\/v2\/pages"}],"about":[{"href":"https:\/\/ca.whiteclaw.com\/fr\/wp-json\/wp\/v2\/types\/page"}],"author":[{"embeddable":true,"href":"https:\/\/ca.whiteclaw.com\/fr\/wp-json\/wp\/v2\/users\/4"}],"replies":[{"embeddable":true,"href":"https:\/\/ca.whiteclaw.com\/fr\/wp-json\/wp\/v2\/comments?post=1111"}],"version-history":[{"count":0,"href":"https:\/\/ca.whiteclaw.com\/fr\/wp-json\/wp\/v2\/pages\/1111\/revisions"}],"wp:attachment":[{"href":"https:\/\/ca.whiteclaw.com\/fr\/wp-json\/wp\/v2\/media?parent=1111"}],"curies":[{"name":"wp","href":"https:\/\/api.w.org\/{rel}","templated":true}]}}