{"id":1523,"date":"2024-12-05T18:32:52","date_gmt":"2024-12-05T18:32:52","guid":{"rendered":"https:\/\/whiteclaw-us-2025.local\/?page_id=1523"},"modified":"2025-08-20T06:14:12","modified_gmt":"2025-08-20T06:14:12","slug":"third-party-cookies","status":"publish","type":"page","link":"https:\/\/ca.whiteclaw.com\/fr\/third-party-cookies\/","title":{"rendered":"Des t\u00e9moins tiers"},"content":{"rendered":"\n<section style=\"--height-desktop: 403; --height-mobile: 240; --title-color: var(--wp--preset--color--primary); --subtitle-color: var(--wp--preset--color--secondary); --description-color: var(--wp--preset--color--secondary); --background-color: none; --pointer-events: all;--button-color: #e11b1b; --button-alt-color: #17b354; --padding-top: 150; --padding-bottom: 100; --padding-top-mobile: 45; --padding-bottom-mobile: 45; --text-shadow: none; \" class=\"banner  wp-block-markanthonygroup-banner\">\n\n    \n    <div class=\"banner__content-wrap slide-up\">\n        \n        \n        \n                \n\n<p><\/p>\n\n    <\/div>\n        <picture>\n                <source media=\"(min-width: 769px)\" srcset=\"https:\/\/ca.whiteclaw.com\/fr\/wp-content\/uploads\/sites\/4\/2025\/08\/10a9a927-dd42-4a16-ba4a-5cc2ca496933_1500-x-392.png\">\n        \n                <source media=\"(max-width: 768px)\" srcset=\"https:\/\/ca.whiteclaw.com\/fr\/wp-content\/uploads\/sites\/4\/2025\/08\/Zk2oAyol0Zci9V29_WhiteClaw_InnovationShoot_Core_Urban_Pride_540x540_2.jpg\">\n        \n        <img decoding=\"async\" src=\"https:\/\/ca.whiteclaw.com\/fr\/wp-content\/uploads\/sites\/4\/2025\/08\/10a9a927-dd42-4a16-ba4a-5cc2ca496933_1500-x-392.png\" alt=\"Find Mike\u2019s Near You\"\n            class=\" banner__image\">\n    <\/picture>\n        <\/section>\n\n\n<div class=\"third-party-cookies wp-block-markanthonygroup-third-party-cookies\"\">\n    <div class=\"page-container\">\n        <div class=\"row\">\n            <div class=\"col-md-12\">\n                <table class=\"tpc-table\">\n                    <tbody>\n                        <tr class=\"tpc-table__header\">\n                            <th><strong>Nom<\/strong><\/th>\n                            <th><strong>Fournisseurs de services<\/strong><\/th>\n                            <th><strong>Description<\/strong><\/th>\n                            <th><strong>Politique relative aux t\u00e9moins de tierce partie et \u00e0 la protection de la vie priv\u00e9e<\/strong><\/th>\n                        <\/tr>\n                        \n\n<tr class=\"tpc-table__row\">\n    <td data-title=\"Name\">X-AB<\/td>\n    <td data-title=\"Service Provider\">Snapchat<\/td>\n    <td data-title=\"Description\">T\u00e9moin utilis\u00e9 par le gestionnaire du site Web dans le cadre des tests multivariables. Il s\u2019agit d\u2019un outil utilis\u00e9 pour combiner ou modifier le contenu du site Web. Il permet au site Web de trouver la meilleure variation\/version du site.<\/td>\n    <td data-title=\"Link to 3P cookie\/privacy policy\">\n        <a href=\"\" target=\"_blank\" rel=\"noopener\">\n            <a href=\"https:\/\/www.cloudflare.com\/cookie-policy\/\" target=\"_blank\" rel=\"noreferrer noopener\"><\/a><a href=\"https:\/\/snap.com\/en-US\/privacy\/cookie-information\" target=\"_blank\" rel=\"noreferrer noopener\"><a href=\"https:\/\/www.snap.com\/privacy\/cookie-information?lang=fr-FR\" target=\"_blank\" rel=\"noreferrer noopener\">https:\/\/www.snap.com\/privacy\/cookie-information?lang=fr-FR<\/a><\/a>        <\/a>\n    <\/td>\n<\/tr>\n\n\n<tr class=\"tpc-table__row\">\n    <td data-title=\"Name\">_pinterest_ct_ua<\/td>\n    <td data-title=\"Service Provider\">Pinterest<\/td>\n    <td data-title=\"Description\">Utilis\u00e9 par Pinterest pour regrouper les actions des utilisateurs qui ne peuvent pas \u00eatre identifi\u00e9s par Pinterest.<\/td>\n    <td data-title=\"Link to 3P cookie\/privacy policy\">\n        <a href=\"\" target=\"_blank\" rel=\"noopener\">\n            <a href=\"https:\/\/policies.google.com\/technologies\/cookies\" target=\"_blank\" rel=\"noreferrer noopener\"><\/a><a href=\"https:\/\/policy.pinterest.com\/en\/cookies\" target=\"_blank\" rel=\"noreferrer noopener\"><a href=\"https:\/\/policy.pinterest.com\/fr\/cookies\" target=\"_blank\" rel=\"noreferrer noopener\">https:\/\/policy.pinterest.com\/fr\/cookies<\/a><\/a>        <\/a>\n    <\/td>\n<\/tr>\n\n\n<tr class=\"tpc-table__row\">\n    <td data-title=\"Name\">ar_debug<\/td>\n    <td data-title=\"Service Provider\">Pinterest<\/td>\n    <td data-title=\"Description\">T\u00e9moin n\u00e9cessaire pour utiliser les fonctions et les services du site Web. Plac\u00e9 par Pinterest pour stocker et suivre les conversions.<\/td>\n    <td data-title=\"Link to 3P cookie\/privacy policy\">\n        <a href=\"\" target=\"_blank\" rel=\"noopener\">\n            <a href=\"https:\/\/policies.google.com\/technologies\/cookies\" target=\"_blank\" rel=\"noreferrer noopener\"><\/a><a href=\"https:\/\/policy.pinterest.com\/en\/cookies\" target=\"_blank\" rel=\"noreferrer noopener\"><a href=\"https:\/\/policy.pinterest.com\/fr\/cookies\" target=\"_blank\" rel=\"noreferrer noopener\">https:\/\/policy.pinterest.com\/fr\/cookies<\/a><\/a>        <\/a>\n    <\/td>\n<\/tr>\n\n\n<tr class=\"tpc-table__row\">\n    <td data-title=\"Name\">sc_at<\/td>\n    <td data-title=\"Service Provider\">Snapchat<\/td>\n    <td data-title=\"Description\">T\u00e9moins mis en place par Snapchat pour montrer des publicit\u00e9s pertinentes aux utilisateurs et suivre leur comportement.<\/td>\n    <td data-title=\"Link to 3P cookie\/privacy policy\">\n        <a href=\"\" target=\"_blank\" rel=\"noopener\">\n            <a href=\"https:\/\/policies.google.com\/technologies\/cookies\" target=\"_blank\" rel=\"noreferrer noopener\"><\/a><a href=\"https:\/\/www.snap.com\/en-US\/cookie-policy\" target=\"_blank\" rel=\"noreferrer noopener\"><a href=\"https:\/\/www.snap.com\/cookie-policy?lang=fr-FR\" target=\"_blank\" rel=\"noreferrer noopener\">https:\/\/www.snap.com\/cookie-policy?lang=fr-FR<\/a><\/a>        <\/a>\n    <\/td>\n<\/tr>\n\n\n<tr class=\"tpc-table__row\">\n    <td data-title=\"Name\">elfsight_viewed_recently<\/td>\n    <td data-title=\"Service Provider\">Elfsight<\/td>\n    <td data-title=\"Description\">T\u00e9moin associ\u00e9 aux gadgets logiciels (widget) Elfsight sur la page d\u2019accueil. T\u00e9moin n\u00e9cessaire pour utiliser les fonctions et les services du site Web.<\/td>\n    <td data-title=\"Link to 3P cookie\/privacy policy\">\n        <a href=\"\" target=\"_blank\" rel=\"noopener\">\n            <a href=\"https:\/\/policies.google.com\/technologies\/cookies\" target=\"_blank\" rel=\"noreferrer noopener\"><a href=\"https:\/\/elfsight.com\/privacy-policy\/\" target=\"_blank\" rel=\"noreferrer noopener\">https:\/\/elfsight.com\/privacy-policy\/<\/a><\/a>        <\/a>\n    <\/td>\n<\/tr>\n\n\n<tr class=\"tpc-table__row\">\n    <td data-title=\"Name\">IDE<\/td>\n    <td data-title=\"Service Provider\">Google<\/td>\n    <td data-title=\"Description\">T\u00e9moin plac\u00e9 par Doubleclick (Google) pour soutenir les ench\u00e8res en temps r\u00e9el dans les \u00e9changes publicitaires.<\/td>\n    <td data-title=\"Link to 3P cookie\/privacy policy\">\n        <a href=\"\" target=\"_blank\" rel=\"noopener\">\n            <a href=\"https:\/\/policies.google.com\/technologies\/cookies\" target=\"_blank\" rel=\"noreferrer noopener\"><a href=\"https:\/\/policies.google.com\/technologies\/cookies\" target=\"_blank\" rel=\"noreferrer noopener\">https:\/\/policies.google.com\/technologies\/cookies<\/a><\/a>        <\/a>\n    <\/td>\n<\/tr>\n\n\n<tr class=\"tpc-table__row\">\n    <td data-title=\"Name\">NID<\/td>\n    <td data-title=\"Service Provider\">Google<\/td>\n    <td data-title=\"Description\"><br>T\u00e9moin n\u00e9cessaire pour utiliser les fonctions et les services du site Web. T\u00e9moin utilis\u00e9 pour garantir une bonne fonctionnalit\u00e9, m\u00e9moriser les pr\u00e9f\u00e9rences de l\u2019utilisateur et permettre une exp\u00e9rience utilisateur personnalis\u00e9e.<\/td>\n    <td data-title=\"Link to 3P cookie\/privacy policy\">\n        <a href=\"\" target=\"_blank\" rel=\"noopener\">\n            <a href=\"https:\/\/policies.google.com\/technologies\/cookies\" target=\"_blank\" rel=\"noreferrer noopener\"><a href=\"https:\/\/policies.google.com\/technologies\/cookies\" target=\"_blank\" rel=\"noreferrer noopener\">https:\/\/policies.google.com\/technologies\/cookies<\/a><\/a>        <\/a>\n    <\/td>\n<\/tr>\n\n\n<tr class=\"tpc-table__row\">\n    <td data-title=\"Name\">VISITOR_INFO1_LIVE<\/td>\n    <td data-title=\"Service Provider\">Google<\/td>\n    <td data-title=\"Description\">T\u00e9moin utilis\u00e9 par Youtube pour suivre les pr\u00e9f\u00e9rences de l\u2019utilisateur pour les vid\u00e9os Youtube int\u00e9gr\u00e9es dans les sites; peut \u00e9galement servir \u00e0 d\u00e9terminer si le visiteur du site utilise la nouvelle ou l\u2019ancienne version de l\u2019interface Youtube.<\/td>\n    <td data-title=\"Link to 3P cookie\/privacy policy\">\n        <a href=\"\" target=\"_blank\" rel=\"noopener\">\n            <a href=\"https:\/\/policies.google.com\/technologies\/cookies\" target=\"_blank\" rel=\"noreferrer noopener\"><a href=\"https:\/\/policies.google.com\/technologies\/cookies\" target=\"_blank\" rel=\"noreferrer noopener\">https:\/\/policies.google.com\/technologies\/cookies<\/a><\/a>        <\/a>\n    <\/td>\n<\/tr>\n\n\n<tr class=\"tpc-table__row\">\n    <td data-title=\"Name\">VISITOR_PRIVACY_METADATA<\/td>\n    <td data-title=\"Service Provider\">YouTube<\/td>\n    <td data-title=\"Description\"><br>T\u00e9moin utilis\u00e9 par Youtube pour suivre les pr\u00e9f\u00e9rences de l\u2019utilisateur pour les vid\u00e9os Youtube int\u00e9gr\u00e9es dans les sites; peut \u00e9galement servir \u00e0 d\u00e9terminer si le visiteur du site utilise la nouvelle ou l\u2019ancienne version de l\u2019interface Youtube.<\/td>\n    <td data-title=\"Link to 3P cookie\/privacy policy\">\n        <a href=\"\" target=\"_blank\" rel=\"noopener\">\n            <a href=\"https:\/\/policies.google.com\/technologies\/cookies\" target=\"_blank\" rel=\"noreferrer noopener\"><a href=\"https:\/\/policies.google.com\/technologies\/cookies\" target=\"_blank\" rel=\"noreferrer noopener\">https:\/\/policies.google.com\/technologies\/cookies<\/a><\/a>        <\/a>\n    <\/td>\n<\/tr>\n\n\n<tr class=\"tpc-table__row\">\n    <td data-title=\"Name\">YSC<\/td>\n    <td data-title=\"Service Provider\">Google<\/td>\n    <td data-title=\"Description\">Le t\u00e9moin YSC est utilis\u00e9 par YouTube pour sauvegarder les donn\u00e9es de l\u2019utilisateur et associer ses actions12. Il s\u2019agit d\u2019un t\u00e9moin de tierce partie appartenant \u00e0 Google et utilis\u00e9 pour recueillir de l\u2019information sur les vid\u00e9os que vous regardez sur notre site Web, y compris les vid\u00e9os que vous regardez et o\u00f9 vous les avez regard\u00e9es. Ce t\u00e9moin dure aussi longtemps que l\u2019utilisateur garde son navigateur ouvert.<\/td>\n    <td data-title=\"Link to 3P cookie\/privacy policy\">\n        <a href=\"\" target=\"_blank\" rel=\"noopener\">\n            <a href=\"https:\/\/policies.google.com\/technologies\/cookies\" target=\"_blank\" rel=\"noreferrer noopener\"><a href=\"https:\/\/policies.google.com\/technologies\/cookies\" target=\"_blank\" rel=\"noreferrer noopener\">https:\/\/policies.google.com\/technologies\/cookies<\/a><\/a>        <\/a>\n    <\/td>\n<\/tr>\n\n\n<tr class=\"tpc-table__row\">\n    <td data-title=\"Name\">__Secure-ROLLOUT_TOKEN<\/td>\n    <td data-title=\"Service Provider\">YouTube<\/td>\n    <td data-title=\"Description\">Le t\u00e9moin __Secure-ROLLOUT_TOKEN est utilis\u00e9 par YouTube pour g\u00e9rer le d\u00e9ploiement progressif de nouvelles fonctionnalit\u00e9s et mises \u00e0 jour.<\/td>\n    <td data-title=\"Link to 3P cookie\/privacy policy\">\n        <a href=\"\" target=\"_blank\" rel=\"noopener\">\n            <a href=\"https:\/\/sharethis.com\/privacy\/\" target=\"_blank\" rel=\"noreferrer noopener\"><a href=\"https:\/\/policies.google.com\/technologies\/cookies\" target=\"_blank\" rel=\"noreferrer noopener\">https:\/\/policies.google.com\/technologies\/cookies<\/a><\/a>        <\/a>\n    <\/td>\n<\/tr>\n                    <\/tbody>\n                <\/table>\n            <\/div>\n        <\/div>\n    <\/div>\n<\/div>","protected":false},"excerpt":{"rendered":"","protected":false},"author":4,"featured_media":0,"parent":0,"menu_order":0,"comment_status":"closed","ping_status":"closed","template":"","meta":{"_acf_changed":false,"footnotes":""},"class_list":["post-1523","page","type-page","status-publish","hentry"],"acf":[],"yoast_head":"<!-- This site is optimized with the Yoast SEO plugin v27.4 - https:\/\/yoast.com\/product\/yoast-seo-wordpress\/ -->\n<title>Third Party Cookies<\/title>\n<meta name=\"robots\" content=\"index, follow, max-snippet:-1, max-image-preview:large, max-video-preview:-1\" \/>\n<link rel=\"canonical\" href=\"https:\/\/ca.whiteclaw.com\/fr\/third-party-cookies\/\" \/>\n<meta property=\"og:locale\" content=\"fr_CA\" \/>\n<meta property=\"og:type\" content=\"article\" \/>\n<meta property=\"og:title\" content=\"Third Party Cookies\" \/>\n<meta property=\"og:url\" content=\"https:\/\/ca.whiteclaw.com\/fr\/third-party-cookies\/\" \/>\n<meta property=\"og:site_name\" content=\"White Claw\u00ae Canada | On prend la vague\" \/>\n<meta property=\"article:modified_time\" content=\"2025-08-20T06:14:12+00:00\" \/>\n<meta name=\"twitter:card\" content=\"summary_large_image\" \/>\n<script type=\"application\/ld+json\" class=\"yoast-schema-graph\">{\"@context\":\"https:\\\/\\\/schema.org\",\"@graph\":[{\"@type\":\"WebPage\",\"@id\":\"https:\\\/\\\/ca.whiteclaw.com\\\/fr\\\/third-party-cookies\\\/\",\"url\":\"https:\\\/\\\/ca.whiteclaw.com\\\/fr\\\/third-party-cookies\\\/\",\"name\":\"Third Party Cookies\",\"isPartOf\":{\"@id\":\"https:\\\/\\\/ca.whiteclaw.com\\\/fr\\\/#website\"},\"datePublished\":\"2024-12-05T18:32:52+00:00\",\"dateModified\":\"2025-08-20T06:14:12+00:00\",\"breadcrumb\":{\"@id\":\"https:\\\/\\\/ca.whiteclaw.com\\\/fr\\\/third-party-cookies\\\/#breadcrumb\"},\"inLanguage\":\"en-US\",\"potentialAction\":[{\"@type\":\"ReadAction\",\"target\":[\"https:\\\/\\\/ca.whiteclaw.com\\\/fr\\\/third-party-cookies\\\/\"]}]},{\"@type\":\"BreadcrumbList\",\"@id\":\"https:\\\/\\\/ca.whiteclaw.com\\\/fr\\\/third-party-cookies\\\/#breadcrumb\",\"itemListElement\":[{\"@type\":\"ListItem\",\"position\":1,\"name\":\"Home\",\"item\":\"https:\\\/\\\/ca.whiteclaw.com\\\/fr\\\/\"},{\"@type\":\"ListItem\",\"position\":2,\"name\":\"Des t\u00e9moins tiers\"}]},{\"@type\":\"WebSite\",\"@id\":\"https:\\\/\\\/ca.whiteclaw.com\\\/fr\\\/#website\",\"url\":\"https:\\\/\\\/ca.whiteclaw.com\\\/fr\\\/\",\"name\":\"White Claw\u00ae Canada | On prend la vague\",\"description\":\"\",\"publisher\":{\"@id\":\"https:\\\/\\\/ca.whiteclaw.com\\\/fr\\\/#organization\"},\"potentialAction\":[{\"@type\":\"SearchAction\",\"target\":{\"@type\":\"EntryPoint\",\"urlTemplate\":\"https:\\\/\\\/ca.whiteclaw.com\\\/fr\\\/?s={search_term_string}\"},\"query-input\":{\"@type\":\"PropertyValueSpecification\",\"valueRequired\":true,\"valueName\":\"search_term_string\"}}],\"inLanguage\":\"en-US\"},{\"@type\":\"Organization\",\"@id\":\"https:\\\/\\\/ca.whiteclaw.com\\\/fr\\\/#organization\",\"name\":\"White Claw\u00ae Canada | On prend la vague\",\"url\":\"https:\\\/\\\/ca.whiteclaw.com\\\/fr\\\/\",\"logo\":{\"@type\":\"ImageObject\",\"inLanguage\":\"en-US\",\"@id\":\"https:\\\/\\\/ca.whiteclaw.com\\\/fr\\\/#\\\/schema\\\/logo\\\/image\\\/\",\"url\":\"https:\\\/\\\/ca.whiteclaw.com\\\/fr\\\/wp-content\\\/uploads\\\/sites\\\/4\\\/2025\\\/05\\\/cropped-logo.webp\",\"contentUrl\":\"https:\\\/\\\/ca.whiteclaw.com\\\/fr\\\/wp-content\\\/uploads\\\/sites\\\/4\\\/2025\\\/05\\\/cropped-logo.webp\",\"width\":120,\"height\":120,\"caption\":\"White Claw\u00ae Canada | On prend la vague  \"},\"image\":{\"@id\":\"https:\\\/\\\/ca.whiteclaw.com\\\/fr\\\/#\\\/schema\\\/logo\\\/image\\\/\"}}]}<\/script>\n<!-- \/ Yoast SEO plugin. -->","yoast_head_json":{"title":"Third Party Cookies","robots":{"index":"index","follow":"follow","max-snippet":"max-snippet:-1","max-image-preview":"max-image-preview:large","max-video-preview":"max-video-preview:-1"},"canonical":"https:\/\/ca.whiteclaw.com\/fr\/third-party-cookies\/","og_locale":"fr_CA","og_type":"article","og_title":"Third Party Cookies","og_url":"https:\/\/ca.whiteclaw.com\/fr\/third-party-cookies\/","og_site_name":"White Claw\u00ae Canada | On prend la vague","article_modified_time":"2025-08-20T06:14:12+00:00","twitter_card":"summary_large_image","schema":{"@context":"https:\/\/schema.org","@graph":[{"@type":"WebPage","@id":"https:\/\/ca.whiteclaw.com\/fr\/third-party-cookies\/","url":"https:\/\/ca.whiteclaw.com\/fr\/third-party-cookies\/","name":"Third Party Cookies","isPartOf":{"@id":"https:\/\/ca.whiteclaw.com\/fr\/#website"},"datePublished":"2024-12-05T18:32:52+00:00","dateModified":"2025-08-20T06:14:12+00:00","breadcrumb":{"@id":"https:\/\/ca.whiteclaw.com\/fr\/third-party-cookies\/#breadcrumb"},"inLanguage":"en-US","potentialAction":[{"@type":"ReadAction","target":["https:\/\/ca.whiteclaw.com\/fr\/third-party-cookies\/"]}]},{"@type":"BreadcrumbList","@id":"https:\/\/ca.whiteclaw.com\/fr\/third-party-cookies\/#breadcrumb","itemListElement":[{"@type":"ListItem","position":1,"name":"Home","item":"https:\/\/ca.whiteclaw.com\/fr\/"},{"@type":"ListItem","position":2,"name":"Des t\u00e9moins tiers"}]},{"@type":"WebSite","@id":"https:\/\/ca.whiteclaw.com\/fr\/#website","url":"https:\/\/ca.whiteclaw.com\/fr\/","name":"White Claw\u00ae Canada | On prend la vague","description":"","publisher":{"@id":"https:\/\/ca.whiteclaw.com\/fr\/#organization"},"potentialAction":[{"@type":"SearchAction","target":{"@type":"EntryPoint","urlTemplate":"https:\/\/ca.whiteclaw.com\/fr\/?s={search_term_string}"},"query-input":{"@type":"PropertyValueSpecification","valueRequired":true,"valueName":"search_term_string"}}],"inLanguage":"en-US"},{"@type":"Organization","@id":"https:\/\/ca.whiteclaw.com\/fr\/#organization","name":"White Claw\u00ae Canada | On prend la vague","url":"https:\/\/ca.whiteclaw.com\/fr\/","logo":{"@type":"ImageObject","inLanguage":"en-US","@id":"https:\/\/ca.whiteclaw.com\/fr\/#\/schema\/logo\/image\/","url":"https:\/\/ca.whiteclaw.com\/fr\/wp-content\/uploads\/sites\/4\/2025\/05\/cropped-logo.webp","contentUrl":"https:\/\/ca.whiteclaw.com\/fr\/wp-content\/uploads\/sites\/4\/2025\/05\/cropped-logo.webp","width":120,"height":120,"caption":"White Claw\u00ae Canada | On prend la vague  "},"image":{"@id":"https:\/\/ca.whiteclaw.com\/fr\/#\/schema\/logo\/image\/"}}]}},"_links":{"self":[{"href":"https:\/\/ca.whiteclaw.com\/fr\/wp-json\/wp\/v2\/pages\/1523","targetHints":{"allow":["GET"]}}],"collection":[{"href":"https:\/\/ca.whiteclaw.com\/fr\/wp-json\/wp\/v2\/pages"}],"about":[{"href":"https:\/\/ca.whiteclaw.com\/fr\/wp-json\/wp\/v2\/types\/page"}],"author":[{"embeddable":true,"href":"https:\/\/ca.whiteclaw.com\/fr\/wp-json\/wp\/v2\/users\/4"}],"replies":[{"embeddable":true,"href":"https:\/\/ca.whiteclaw.com\/fr\/wp-json\/wp\/v2\/comments?post=1523"}],"version-history":[{"count":0,"href":"https:\/\/ca.whiteclaw.com\/fr\/wp-json\/wp\/v2\/pages\/1523\/revisions"}],"wp:attachment":[{"href":"https:\/\/ca.whiteclaw.com\/fr\/wp-json\/wp\/v2\/media?parent=1523"}],"curies":[{"name":"wp","href":"https:\/\/api.w.org\/{rel}","templated":true}]}}