{"id":3952,"date":"2025-07-28T18:51:00","date_gmt":"2025-07-28T18:51:00","guid":{"rendered":"https:\/\/whiteclawcadev.wpenginepowered.com\/fr\/?page_id=3952"},"modified":"2026-05-06T20:26:06","modified_gmt":"2026-05-06T20:26:06","slug":"new-products","status":"publish","type":"page","link":"https:\/\/ca.whiteclaw.com\/fr\/new-products\/","title":{"rendered":"Nouveau"},"content":{"rendered":"\n<section class=\"split-banner js-player  wp-block-markanthonygroup-split-banner\">\n    \n\n<div class=\"split-banner__col split-banner__col--image\" style=\"--background-color: #ffffff; --content-alignment: flex-start; --text-alignment: left; --title-color: #000000; --split-banner-top-text-color: #000000; --split-banner-subtext-color: #000000; --below-title-label-color: #000000; --below-title-label-font-size: 24px; --description-color: #000000; --btn-radius: 0px\">\n        <img decoding=\"async\" class=\"split-banner__image\" src=\"https:\/\/ca.whiteclaw.com\/fr\/wp-content\/uploads\/sites\/4\/2026\/02\/Clawtails-3573x3600px-FR_1-scaled.jpg\" alt=\"Nouveau White Claw Tails Margarita \u00e0 la mangue, cocktail en canette 7 % alc.\/vol avec vrai jus\" \/>\n    <\/div>\n\n<!-- MODAL -->\n<!-- Eof MODAL -->\n\n\n\n<div class=\"split-banner__col split-banner__col--text align-center \" style=\"--background-color: #ffffff; --content-alignment: center; --text-alignment: center; --title-color: var(--wp--preset--color--primary); --split-banner-top-text-color: var(--wp--preset--color--primary); --split-banner-subtext-color: var(--wp--preset--color--primary); --below-title-label-color: #000000; --below-title-label-font-size: 24px; --description-color: #29307d; --btn-border-color: var(--wp--preset--color--primary); --btn-fg: var(--wp--preset--color--primary); --btn-radius: 0px\">\n    <!-- Top Section - Always at the top -->\n    <div class=\"split-banner__top-section\">\n                <div class=\"split-banner__top-section-grid\">\n        \n                                            <div class=\"split-banner__top-column\">\n                                            <div class=\"split-banner__top-text slide-up\">vrai jus<\/div>\n                                                        <\/div>\n                                        \n                                            <div class=\"split-banner__top-column\">\n                                        <div class=\"split-banner__top-text slide-up\">7% alc.\/vol.<\/div>\n                                                            <p class=\"split-banner__subtext slide-up\">par canette (355 mL)<\/p>\n                                    <\/div>\n                                        \n                        <div class=\"split-banner__top-column\">\n                                    <div class=\"split-banner__top-text slide-up\"><strong>l\u00e9g\u00e8rement p\u00e9tillant<\/strong><\/div>\n                                            <\/div>\n                    <\/div>\n            <\/div>\n    \n    <!-- Main Content - Centered in remaining space -->\n    <div class=\"split-banner__content-wrapper\">\n        <div class=\"split-banner__content\">\n\n        \n                        <h3 class=\"split-banner__title slide-up\"><br><strong>UNE VARIANTE RAFRA\u00ceCHISSANTE DES COCKTAILS CLASSIQUES<\/strong><\/h3>\n        \n        \n                \n        \n                         <a class=\"btn split-banner-btn-secondary split-banner__button slide-up\"\n             href=\"https:\/\/ca.whiteclaw.com\/fr\/products\" \n             target=\"_self\" style=\"--btn-border-color: var(--wp--preset--color--primary); --btn-fg: var(--wp--preset--color--primary); --btn-radius: 0px\">\n             D\u00c9COUVREZ             \n                      <\/a>\n                 <\/div>\n    <\/div>\n<\/div>\n\n<!-- MODAL -->\n<!-- Eof MODAL -->\n\n<\/section>\n\n\n<section class=\"split-banner js-player  wp-block-markanthonygroup-split-banner\">\n    \n\n<div class=\"split-banner__col split-banner__col--text align-center \" style=\"--background-color: #ffffff; --content-alignment: center; --text-alignment: center; --title-color: #000000; --split-banner-top-text-color: #000000; --split-banner-subtext-color: #000000; --below-title-label-color: #000000; --below-title-label-font-size: 42px; --description-color: #000000; --btn-radius: 0px\">\n    <!-- Top Section - Always at the top -->\n    <div class=\"split-banner__top-section\">\n                <div class=\"split-banner__top-section-grid\">\n        \n                        \n                                                    \n                    <\/div>\n            <\/div>\n    \n    <!-- Main Content - Centered in remaining space -->\n    <div class=\"split-banner__content-wrapper\">\n        <div class=\"split-banner__content\">\n\n        \n                        <h3 class=\"split-banner__title slide-up\"><strong>FRA\u00ceCHEUR<\/strong> <strong>EN GRAPPE<\/strong><\/h3>\n        \n        \n                \n        \n                         <a class=\"btn split-banner-btn-secondary split-banner__button slide-up\"\n             href=\"https:\/\/ca.whiteclaw.com\/fr\/products\/#originales\" \n             target=\"_self\" style=\"--btn-radius: 0px\">\n             D\u00c9COUVREZ             \n                      <\/a>\n                 <\/div>\n    <\/div>\n<\/div>\n\n<!-- MODAL -->\n<!-- Eof MODAL -->\n\n\n\n<div class=\"split-banner__col split-banner__col--image\" style=\"--background-color: #ffffff; --content-alignment: flex-start; --text-alignment: left; --title-color: #000000; --split-banner-top-text-color: #000000; --split-banner-subtext-color: #000000; --below-title-label-color: #000000; --below-title-label-font-size: 24px; --description-color: #000000; --btn-radius: 0px\">\n        <img decoding=\"async\" class=\"split-banner__image\" src=\"https:\/\/ca.whiteclaw.com\/fr\/wp-content\/uploads\/sites\/4\/2026\/02\/Grape-Resize-3573x3600px-FR_1-scaled.jpg\" alt=\"Nouveau White Claw Raisin, hard seltzer 5 % alc.\/vol, 100 calories, 1 g de sucre par canette 355 mL\" \/>\n    <\/div>\n\n<!-- MODAL -->\n<!-- Eof MODAL -->\n\n<\/section>\n\n\n<section class=\"split-banner js-player  wp-block-markanthonygroup-split-banner\">\n    \n\n<div class=\"split-banner__col split-banner__col--image\" style=\"--background-color: #ffffff; --content-alignment: flex-start; --text-alignment: left; --title-color: #000000; --split-banner-top-text-color: #000000; --split-banner-subtext-color: #000000; --below-title-label-color: #000000; --below-title-label-font-size: 24px; --description-color: #000000; --btn-radius: 0px\">\n        <img decoding=\"async\" class=\"split-banner__image\" src=\"https:\/\/ca.whiteclaw.com\/fr\/wp-content\/uploads\/sites\/4\/2026\/02\/Surge-Blueberry-3573x3600px-FR_1-scaled.jpg\" alt=\"Nouveau White Claw Surge Bleuet 7 % hard seltzer en canette pr\u00e9sent\u00e9 avec des bleuets\" \/>\n    <\/div>\n\n<!-- MODAL -->\n<!-- Eof MODAL -->\n\n\n\n<div class=\"split-banner__col split-banner__col--text align-center \" style=\"--background-color: #ffffff; --content-alignment: center; --text-alignment: center; --title-color: #000000; --split-banner-top-text-color: #000000; --split-banner-subtext-color: #000000; --below-title-label-color: #000000; --below-title-label-font-size: 24px; --description-color: #000000; --btn-radius: 0px\">\n    <!-- Top Section - Always at the top -->\n    <div class=\"split-banner__top-section\">\n                <div class=\"split-banner__top-section-grid\">\n        \n                        \n                                                    \n                    <\/div>\n            <\/div>\n    \n    <!-- Main Content - Centered in remaining space -->\n    <div class=\"split-banner__content-wrapper\">\n        <div class=\"split-banner__content\">\n\n        \n                        <h3 class=\"split-banner__title slide-up\"><strong>NOUVELLE R\u00c9COLTE<\/strong><\/h3>\n        \n        \n                \n        \n                         <a class=\"btn split-banner-btn-secondary split-banner__button slide-up\"\n             href=\"https:\/\/ca.whiteclaw.com\/fr\/products\/#surge\" \n             target=\"_self\" style=\"--btn-radius: 0px\">\n             D\u00c9COUVREZ             \n                      <\/a>\n                 <\/div>\n    <\/div>\n<\/div>\n\n<!-- MODAL -->\n<!-- Eof MODAL -->\n\n<\/section>","protected":false},"excerpt":{"rendered":"","protected":false},"author":12,"featured_media":0,"parent":0,"menu_order":0,"comment_status":"closed","ping_status":"closed","template":"","meta":{"_acf_changed":false,"footnotes":""},"class_list":["post-3952","page","type-page","status-publish","hentry"],"acf":[],"yoast_head":"<!-- This site is optimized with the Yoast SEO plugin v27.4 - https:\/\/yoast.com\/product\/yoast-seo-wordpress\/ -->\n<title>Nouveaux Produits | White Claw\u00ae Canada | On prend la vague<\/title>\n<meta name=\"description\" content=\"White Claw se sp\u00e9cialise dans la production des boissons alcoolis\u00e9es les plus savoureuses au monde. Pourquoi ne pas essayer notre embl\u00e9matique boisson alcoolis\u00e9e?\" \/>\n<meta name=\"robots\" content=\"index, follow, max-snippet:-1, max-image-preview:large, max-video-preview:-1\" \/>\n<link rel=\"canonical\" href=\"https:\/\/ca.whiteclaw.com\/fr\/new-products\/\" \/>\n<meta property=\"og:locale\" content=\"fr_CA\" \/>\n<meta property=\"og:type\" content=\"article\" \/>\n<meta property=\"og:title\" content=\"Nouveaux Produits | White Claw\u00ae Canada | On prend la vague\" \/>\n<meta property=\"og:description\" content=\"White Claw se sp\u00e9cialise dans la production des boissons alcoolis\u00e9es les plus savoureuses au monde. Pourquoi ne pas essayer notre embl\u00e9matique boisson alcoolis\u00e9e?\" \/>\n<meta property=\"og:url\" content=\"https:\/\/ca.whiteclaw.com\/fr\/new-products\/\" \/>\n<meta property=\"og:site_name\" content=\"White Claw, la vague original de Hard Seltzer\" \/>\n<meta property=\"article:modified_time\" content=\"2026-05-06T20:26:06+00:00\" \/>\n<meta name=\"twitter:card\" content=\"summary_large_image\" \/>\n<script type=\"application\/ld+json\" class=\"yoast-schema-graph\">{\"@context\":\"https:\\\/\\\/schema.org\",\"@graph\":[{\"@type\":\"WebPage\",\"@id\":\"https:\\\/\\\/ca.whiteclaw.com\\\/fr\\\/new-products\\\/\",\"url\":\"https:\\\/\\\/ca.whiteclaw.com\\\/fr\\\/new-products\\\/\",\"name\":\"Nouveaux Produits | White Claw\u00ae Canada | On prend la vague\",\"isPartOf\":{\"@id\":\"https:\\\/\\\/ca.whiteclaw.com\\\/fr\\\/#website\"},\"datePublished\":\"2025-07-28T18:51:00+00:00\",\"dateModified\":\"2026-05-06T20:26:06+00:00\",\"description\":\"White Claw se sp\u00e9cialise dans la production des boissons alcoolis\u00e9es les plus savoureuses au monde. Pourquoi ne pas essayer notre embl\u00e9matique boisson alcoolis\u00e9e?\",\"breadcrumb\":{\"@id\":\"https:\\\/\\\/ca.whiteclaw.com\\\/fr\\\/new-products\\\/#breadcrumb\"},\"inLanguage\":\"en-US\",\"potentialAction\":[{\"@type\":\"ReadAction\",\"target\":[\"https:\\\/\\\/ca.whiteclaw.com\\\/fr\\\/new-products\\\/\"]}]},{\"@type\":\"BreadcrumbList\",\"@id\":\"https:\\\/\\\/ca.whiteclaw.com\\\/fr\\\/new-products\\\/#breadcrumb\",\"itemListElement\":[{\"@type\":\"ListItem\",\"position\":1,\"name\":\"Home\",\"item\":\"https:\\\/\\\/ca.whiteclaw.com\\\/fr\\\/\"},{\"@type\":\"ListItem\",\"position\":2,\"name\":\"Nouveau\"}]},{\"@type\":\"WebSite\",\"@id\":\"https:\\\/\\\/ca.whiteclaw.com\\\/fr\\\/#website\",\"url\":\"https:\\\/\\\/ca.whiteclaw.com\\\/fr\\\/\",\"name\":\"White Claw, la vague original de Hard Seltzer\",\"description\":\"\",\"publisher\":{\"@id\":\"https:\\\/\\\/ca.whiteclaw.com\\\/fr\\\/#organization\"},\"potentialAction\":[{\"@type\":\"SearchAction\",\"target\":{\"@type\":\"EntryPoint\",\"urlTemplate\":\"https:\\\/\\\/ca.whiteclaw.com\\\/fr\\\/?s={search_term_string}\"},\"query-input\":{\"@type\":\"PropertyValueSpecification\",\"valueRequired\":true,\"valueName\":\"search_term_string\"}}],\"inLanguage\":\"en-US\"},{\"@type\":\"Organization\",\"@id\":\"https:\\\/\\\/ca.whiteclaw.com\\\/fr\\\/#organization\",\"name\":\"White Claw, la vague original de Hard Seltzer\",\"url\":\"https:\\\/\\\/ca.whiteclaw.com\\\/fr\\\/\",\"logo\":{\"@type\":\"ImageObject\",\"inLanguage\":\"en-US\",\"@id\":\"https:\\\/\\\/ca.whiteclaw.com\\\/fr\\\/#\\\/schema\\\/logo\\\/image\\\/\",\"url\":\"https:\\\/\\\/ca.whiteclaw.com\\\/fr\\\/wp-content\\\/uploads\\\/sites\\\/4\\\/2025\\\/05\\\/cropped-logo.webp\",\"contentUrl\":\"https:\\\/\\\/ca.whiteclaw.com\\\/fr\\\/wp-content\\\/uploads\\\/sites\\\/4\\\/2025\\\/05\\\/cropped-logo.webp\",\"width\":120,\"height\":120,\"caption\":\"White Claw, la vague original de Hard Seltzer\"},\"image\":{\"@id\":\"https:\\\/\\\/ca.whiteclaw.com\\\/fr\\\/#\\\/schema\\\/logo\\\/image\\\/\"}}]}<\/script>\n<!-- \/ Yoast SEO plugin. -->","yoast_head_json":{"title":"Nouveaux Produits | White Claw\u00ae Canada | On prend la vague","description":"White Claw se sp\u00e9cialise dans la production des boissons alcoolis\u00e9es les plus savoureuses au monde. Pourquoi ne pas essayer notre embl\u00e9matique boisson alcoolis\u00e9e?","robots":{"index":"index","follow":"follow","max-snippet":"max-snippet:-1","max-image-preview":"max-image-preview:large","max-video-preview":"max-video-preview:-1"},"canonical":"https:\/\/ca.whiteclaw.com\/fr\/new-products\/","og_locale":"fr_CA","og_type":"article","og_title":"Nouveaux Produits | White Claw\u00ae Canada | On prend la vague","og_description":"White Claw se sp\u00e9cialise dans la production des boissons alcoolis\u00e9es les plus savoureuses au monde. Pourquoi ne pas essayer notre embl\u00e9matique boisson alcoolis\u00e9e?","og_url":"https:\/\/ca.whiteclaw.com\/fr\/new-products\/","og_site_name":"White Claw, la vague original de Hard Seltzer","article_modified_time":"2026-05-06T20:26:06+00:00","twitter_card":"summary_large_image","schema":{"@context":"https:\/\/schema.org","@graph":[{"@type":"WebPage","@id":"https:\/\/ca.whiteclaw.com\/fr\/new-products\/","url":"https:\/\/ca.whiteclaw.com\/fr\/new-products\/","name":"Nouveaux Produits | White Claw\u00ae Canada | On prend la vague","isPartOf":{"@id":"https:\/\/ca.whiteclaw.com\/fr\/#website"},"datePublished":"2025-07-28T18:51:00+00:00","dateModified":"2026-05-06T20:26:06+00:00","description":"White Claw se sp\u00e9cialise dans la production des boissons alcoolis\u00e9es les plus savoureuses au monde. Pourquoi ne pas essayer notre embl\u00e9matique boisson alcoolis\u00e9e?","breadcrumb":{"@id":"https:\/\/ca.whiteclaw.com\/fr\/new-products\/#breadcrumb"},"inLanguage":"en-US","potentialAction":[{"@type":"ReadAction","target":["https:\/\/ca.whiteclaw.com\/fr\/new-products\/"]}]},{"@type":"BreadcrumbList","@id":"https:\/\/ca.whiteclaw.com\/fr\/new-products\/#breadcrumb","itemListElement":[{"@type":"ListItem","position":1,"name":"Home","item":"https:\/\/ca.whiteclaw.com\/fr\/"},{"@type":"ListItem","position":2,"name":"Nouveau"}]},{"@type":"WebSite","@id":"https:\/\/ca.whiteclaw.com\/fr\/#website","url":"https:\/\/ca.whiteclaw.com\/fr\/","name":"White Claw, la vague original de Hard Seltzer","description":"","publisher":{"@id":"https:\/\/ca.whiteclaw.com\/fr\/#organization"},"potentialAction":[{"@type":"SearchAction","target":{"@type":"EntryPoint","urlTemplate":"https:\/\/ca.whiteclaw.com\/fr\/?s={search_term_string}"},"query-input":{"@type":"PropertyValueSpecification","valueRequired":true,"valueName":"search_term_string"}}],"inLanguage":"en-US"},{"@type":"Organization","@id":"https:\/\/ca.whiteclaw.com\/fr\/#organization","name":"White Claw, la vague original de Hard Seltzer","url":"https:\/\/ca.whiteclaw.com\/fr\/","logo":{"@type":"ImageObject","inLanguage":"en-US","@id":"https:\/\/ca.whiteclaw.com\/fr\/#\/schema\/logo\/image\/","url":"https:\/\/ca.whiteclaw.com\/fr\/wp-content\/uploads\/sites\/4\/2025\/05\/cropped-logo.webp","contentUrl":"https:\/\/ca.whiteclaw.com\/fr\/wp-content\/uploads\/sites\/4\/2025\/05\/cropped-logo.webp","width":120,"height":120,"caption":"White Claw, la vague original de Hard Seltzer"},"image":{"@id":"https:\/\/ca.whiteclaw.com\/fr\/#\/schema\/logo\/image\/"}}]}},"_links":{"self":[{"href":"https:\/\/ca.whiteclaw.com\/fr\/wp-json\/wp\/v2\/pages\/3952","targetHints":{"allow":["GET"]}}],"collection":[{"href":"https:\/\/ca.whiteclaw.com\/fr\/wp-json\/wp\/v2\/pages"}],"about":[{"href":"https:\/\/ca.whiteclaw.com\/fr\/wp-json\/wp\/v2\/types\/page"}],"author":[{"embeddable":true,"href":"https:\/\/ca.whiteclaw.com\/fr\/wp-json\/wp\/v2\/users\/12"}],"replies":[{"embeddable":true,"href":"https:\/\/ca.whiteclaw.com\/fr\/wp-json\/wp\/v2\/comments?post=3952"}],"version-history":[{"count":1,"href":"https:\/\/ca.whiteclaw.com\/fr\/wp-json\/wp\/v2\/pages\/3952\/revisions"}],"predecessor-version":[{"id":5276,"href":"https:\/\/ca.whiteclaw.com\/fr\/wp-json\/wp\/v2\/pages\/3952\/revisions\/5276"}],"wp:attachment":[{"href":"https:\/\/ca.whiteclaw.com\/fr\/wp-json\/wp\/v2\/media?parent=3952"}],"curies":[{"name":"wp","href":"https:\/\/api.w.org\/{rel}","templated":true}]}}