{"id":4279,"date":"2025-08-07T09:59:43","date_gmt":"2025-08-07T09:59:43","guid":{"rendered":"https:\/\/whiteclawcadev.wpenginepowered.com\/fr\/?post_type=product&#038;p=4279"},"modified":"2025-08-27T09:31:35","modified_gmt":"2025-08-27T09:31:35","slug":"surge-variety-pack","status":"publish","type":"product","link":"https:\/\/ca.whiteclaw.com\/fr\/products\/surge-variety-pack\/","title":{"rendered":"Caisse Mixte White Claw SurgeMC \u2013 12 unit\u00e9s"},"content":{"rendered":"<section class=\"product-details\">\n    <div class=\"product-details__wrapper\">\n        \n<div class=\"product-details__content\">\n    \n<div style=\"--product-background-image: url(https:\/\/ca.whiteclaw.com\/fr\/wp-content\/uploads\/sites\/4\/2025\/08\/bgSurge.avif?t=1754560750764);\" class=\"product-details__images product-details__images-type--box has-bg-image wp-block-markanthonygroup-product-details-image\">\n    <div class=\"product-details__image product-details__image--pack\">\n        <div class=\"product-details__image-wrapper\">\n                            <img decoding=\"async\" src=\"https:\/\/ca.whiteclaw.com\/fr\/wp-content\/uploads\/sites\/4\/2025\/08\/WC-Surge-12pk-VP-V2_LAF.avif?t=1754560699350\"\n                    alt=\"\" class=\"product-details__img-large\" \/>\n                                <\/div>\n    <\/div>\n<\/div>\n\n<div class=\"product-details__body\" data-category=\"WHITE CLAW\u00ae VARIETY PACKS\">\n    \n<h1 class=\"product-details__title\" style=\"color:#00205c;\">Caisse Mixte White Claw Surge<sup class=\"trademark-small\">MC<\/sup> \u2013 12 unit\u00e9s<\/h1>\n\n    <div class=\"product-details__description\">\n        <p class=\"product-details__description-text\">Une toute nouvelle vague de rafra\u00eechissement \u2013 White Claw Hard Seltzer Surge<sup class=\"trademark-small\">TM<\/sup>. Maintenant disponible au Canada en caisse mixte : M\u00fbre, Orange sanguine, Canneberge et Lime naturelle.<\/p>\n    <\/div>\n    \n\n\n<div class=\"product-details__icons\">\n  <div class=\"product-details__icons-panel\">\n    \n\n<div class=\"icon-set wp-block-markanthonygroup-icon-set\">\n    \n\n<div class=\"icon-set__icon-wrap wp-block-markanthonygroup-icon\">\n\n    \n        <img decoding=\"async\" src=\"https:\/\/ca.whiteclaw.com\/fr\/wp-content\/uploads\/sites\/4\/2025\/05\/7per.avif\" class=\"icon-set__icon\" alt=\"Alc.\/Vol.\" \/>\n    \n    <span class=\"icon-set__icon-title\">Alc.\/Vol.<\/span>\n    <span class=\"icon-set__icon-subtitle\"><\/span>\n\n<\/div>\n\n\n<div class=\"icon-set__icon-wrap wp-block-markanthonygroup-icon\">\n\n    \n        <img decoding=\"async\" src=\"https:\/\/ca.whiteclaw.com\/fr\/wp-content\/uploads\/sites\/4\/2025\/04\/1g-suger.avif\" class=\"icon-set__icon\" alt=\"sucre\" \/>\n    \n    <span class=\"icon-set__icon-title\">sucre<\/span>\n    <span class=\"icon-set__icon-subtitle\">par canette (355 mL)<\/span>\n\n<\/div>\n<\/div>\n  <\/div>\n<\/div>\n\n<div class=\"product-details__pack-contents\">\n    <h2 class=\"product-details__subheading product-details__pack-contents-heading\">LA CAISSE MIXTE CONTIENT:<\/h2>\n    <ul class=\"product-details__pack-contents-list\">\n                    <a class=\"product-details__pack-contents-link\" href=\"https:\/\/ca.whiteclaw.com\/fr\/products\/blood-orange-surge\/\">\n                <img decoding=\"async\" src=\"https:\/\/ca.whiteclaw.com\/fr\/wp-content\/uploads\/sites\/4\/2025\/05\/Canada_Surge_Blood_Orange_355ml.avif?t=1754471979493\" alt=\"\" class=\"product-details__pack-contents-image\" \/>\n                <span class=\"product-details__pack-contents-name\">ORANGE SANGUINE<\/span>\n                                                            <\/a>\n                    <a class=\"product-details__pack-contents-link\" href=\"https:\/\/ca.whiteclaw.com\/fr\/products\/cranberry-surge\/\">\n                <img decoding=\"async\" src=\"https:\/\/ca.whiteclaw.com\/fr\/wp-content\/uploads\/sites\/4\/2025\/05\/Canada_Surge_Cranberry_355ml.avif?t=1754471948885\" alt=\"\" class=\"product-details__pack-contents-image\" \/>\n                <span class=\"product-details__pack-contents-name\">CANNEBERGE<\/span>\n                                                            <\/a>\n                    <a class=\"product-details__pack-contents-link\" href=\"https:\/\/ca.whiteclaw.com\/fr\/products\/blackberry-surge\/\">\n                <img decoding=\"async\" src=\"https:\/\/ca.whiteclaw.com\/fr\/wp-content\/uploads\/sites\/4\/2025\/05\/Canada_Surge_Blackberry_355ml.avif?t=1754472318038\" alt=\"\" class=\"product-details__pack-contents-image\" \/>\n                <span class=\"product-details__pack-contents-name\">M\u00dbRE<\/span>\n                                                            <\/a>\n                    <a class=\"product-details__pack-contents-link\" href=\"https:\/\/ca.whiteclaw.com\/fr\/products\/natural-lime-surge\/\">\n                <img decoding=\"async\" src=\"https:\/\/ca.whiteclaw.com\/fr\/wp-content\/uploads\/sites\/4\/2025\/08\/Canada_Surge_Natural_Lime_355ml.avif?t=1754472632394\" alt=\"\" class=\"product-details__pack-contents-image\" \/>\n                <span class=\"product-details__pack-contents-name\">LIME NATURELLE<\/span>\n                                                            <\/a>\n            <\/ul>\n<\/div>\n<\/div>\n<\/div>\n\n    <\/div>\n<\/section>\n\n\n<div class=\"instagram wp-block-markanthonygroup-instagram-widget\" style=\"--title-color: #000000; --description-color: #000000\">\n        <h2 class=\"instagram__title\">\n        #WHITECLAWCANADA    <\/h2>\n        \n        <p class=\"instagram__description\">\n        Partagez avec nous vos moments pr\u00e9f\u00e9r\u00e9s.    <\/p>\n        \n    <div class=\"elfsight-app-ba6be281-14fe-40ea-b2fc-6fdd7778462d\" data-elfsight-app-lazy><\/div>\n<\/div>\n\n\n<div class=\"content-cards animation-wrapper wp-block-markanthonygroup-content-cards\" style=\"--title-color: #000000; --subtitle-color: ; --bg-color: #FFFFFF;\">\n            <h2 class=\"content-cards__title slide-up\">SURFEZ UNE AUTRE VAGUE<\/h2>\n            <div class=\"content-cards__items\">\n        \n\n<div \nclass=\"content-card js-player slide-up slide-left-mobile animation-delay-lg-1 wp-block-markanthonygroup-content-card\" \nstyle=\"--title-color: #000000; --subtitle-color: #000000; --description-color: #000000; --hover-bg-color: transparent; --button-color: #000000; --button-alt-color: #FFFFFF; --button-border-radius: 0px; \" \ndata-dl-button-text=\"PLONGEZ\"\ndata-media-type=\"image\" \n>\n        <a href=\"https:\/\/ca.whiteclaw.com\/fr\/products\/\" target=\"_self\" class=\"content-card__overlay-link\"><\/a>\n        \n    <div class=\"content-card__wrap-inner\">\n\n        <div class=\"content-card__media-col\">\n                        <img decoding=\"async\" src=\"https:\/\/ca.whiteclaw.com\/fr\/wp-content\/uploads\/sites\/4\/2025\/08\/Z6Hnu5bqstJ9-M06_WhiteClaw_Project100_CA_Core_Lake_Dock_Product_01-1024x832.jpg\" class=\"content-card__card\" alt=\"Nos Produits\" \/>\n                    <\/div>\n        <div class=\"content-card__content-col\">\n\n                        <h3 class=\"content-card__title\">\n                Nos Produits            <\/h3>\n            \n            \n            \n                                            <div class=\"btn btn-secondary content-card__button\">\n                    PLONGEZ                                    <\/div>\n                                    <\/div>\n    <\/div>\n    <\/div>\n\n\n\n\n<div \nclass=\"content-card js-player slide-up slide-left-mobile animation-delay-lg-2 wp-block-markanthonygroup-content-card\" \nstyle=\"--title-color: #000000; --subtitle-color: #000000; --description-color: #000000; --hover-bg-color: transparent; --button-color: #000000; --button-alt-color: #FFFFFF; --button-border-radius: 0px; \" \ndata-dl-button-text=\"EXPLOREZ\"\ndata-media-type=\"image\" \n>\n        <a href=\"https:\/\/ca.whiteclaw.com\/fr\/shore-club\/\" target=\"_self\" class=\"content-card__overlay-link\"><\/a>\n        \n    <div class=\"content-card__wrap-inner\">\n\n        <div class=\"content-card__media-col\">\n                        <img decoding=\"async\" src=\"https:\/\/ca.whiteclaw.com\/fr\/wp-content\/uploads\/sites\/4\/2025\/08\/Z2FYT5bqstJ98l4o_Zo5Gjh5LeNNTw-yT_Products-DesktopUPDATE-1024x1024.jpeg\" class=\"content-card__card\" alt=\"\u00c9V\u00c9NEMENTS\" \/>\n                    <\/div>\n        <div class=\"content-card__content-col\">\n\n                        <h3 class=\"content-card__title\">\n                \u00c9V\u00c9NEMENTS            <\/h3>\n            \n            \n            \n                                            <div class=\"btn btn-secondary content-card__button\">\n                    EXPLOREZ                                    <\/div>\n                                    <\/div>\n    <\/div>\n    <\/div>\n\n\n\n\n<div \nclass=\"content-card js-player slide-up slide-left-mobile animation-delay-lg-3 wp-block-markanthonygroup-content-card\" \nstyle=\"--title-color: #000000; --subtitle-color: #000000; --description-color: #000000; --hover-bg-color: transparent; --button-color: #000000; --button-alt-color: #FFFFFF; --button-border-radius: 0px; \" \ndata-dl-button-text=\"EXPLOREZ\"\ndata-media-type=\"image\" \n>\n        <a href=\"https:\/\/ca.whiteclaw.com\/fr\/our-story\/\" target=\"_self\" class=\"content-card__overlay-link\"><\/a>\n        \n    <div class=\"content-card__wrap-inner\">\n\n        <div class=\"content-card__media-col\">\n                        <img decoding=\"async\" src=\"https:\/\/ca.whiteclaw.com\/fr\/wp-content\/uploads\/sites\/4\/2025\/07\/85269d58-7e7d-4fb5-9bec-83676995d459_catch_another_wave.png\" class=\"content-card__card\" alt=\"NOTRE HISTOIRE\" \/>\n                    <\/div>\n        <div class=\"content-card__content-col\">\n\n                        <h3 class=\"content-card__title\">\n                NOTRE HISTOIRE            <\/h3>\n            \n            \n            \n                                            <div class=\"btn btn-secondary content-card__button\">\n                    EXPLOREZ                                    <\/div>\n                                    <\/div>\n    <\/div>\n    <\/div>\n\n\n    <\/div>\n<\/div>","protected":false},"featured_media":0,"template":"","meta":{"_acf_changed":false,"event_time_zone":"America\/Chicago","event_all_day":"false","event_start_date":"","event_end_date":"","event_date_coming_soon":false,"event_subtitle":"","event_description":"","event_teaser":"Sun, sand, live bands, and an ice-cold Mike\u2019s in your hand\u2014what more could you want?","event_highlights":"","event_highlights_summary":"Highlights: Sun-soaked fun with live DJs, volleyball tournaments, and an endless supply of Mike\u2019s refreshing flavors.","event_bg_type":"color","event_bg_color":"#F6F6F6","event_bg_image":"","event_hide_from_upcoming_events":"false","event_hide_from_previous_events":"false","event_hide_from_event_calendar":"false","event_use_custom_card_media":false,"event_card_media_type":"image","event_card_image_id":"","event_card_video_type":"uploaded","event_card_youtube_link":"","event_card_desktop_video_id":"","event_card_mobile_video_id":"","event_card_show_in_modal":false,"event_card_play_btn_id":"","event_card_desktop_image_id":"","event_card_mobile_image_id":"","product_available_packs":"[[\"6\",\"Single Flavour - 6 pack\"],[\"12\",\"Variety Pack No.1 - 12 pack\"],[\"24\",\"Variety Pack - 24 pack\"],[\"30\",\"Variety Pack - 30 pack\"]]","product_available_packs_order":"","product_available_sizes":"[\"355 mL\",\"473 mL\"]","product_description":"Une toute nouvelle vague de rafra\u00eechissement \u2013 White Claw Hard Seltzer Surge\u2122. Maintenant disponible au Canada en caisse mixte : M\u00fbre, Orange sanguine, Canneberge et Lime naturelle.","product_background_image":"https:\/\/ca.whiteclaw.com\/fr\/wp-content\/uploads\/sites\/4\/2025\/08\/bgSurge.avif?t=1754560750764","product_background_color":"#FFFFFF","background_type":"image","product_image":"{\"id\":4280,\"url\":\"https:\/\/ca.whiteclaw.com\/fr\/wp-content\/uploads\/sites\/4\/2025\/08\/WC-Surge-12pk-VP-V2_LAF.avif?t=1754560699350\",\"alt\":\"\"}","product_image_type":"box","product_image_fruit":"","gradient_from":"#ed4225","gradient_to":"#fdbb05","pack_flavors":"[\"3105\",\"3121\",\"3114\",\"4122\"]","pack_amounts":"[\"0\",\"0\",\"0\",\"0\"]","product_subtitle":"","product_type":"pack","product_eans":"","product_badge":"","product_new_tag":"","product_badge_color":"","footnotes":""},"product_type":[],"product_sizes":[],"product_packs":[],"class_list":["post-4279","product","type-product","status-publish","hentry"],"acf":[],"yoast_head":"<!-- This site is optimized with the Yoast SEO plugin v27.4 - https:\/\/yoast.com\/product\/yoast-seo-wordpress\/ -->\n<title>White Claw Surge\u2122 Caisse mixte | White Claw\u00ae Hard Seltzer Canada<\/title>\n<meta name=\"description\" content=\"White Claw\u00ae Hard Seltzer Surge offre une vague intense de savoureux rafra\u00eechissement. Maintenant en caisse mixte; contient les saveurs M\u00fbre, Lime naturelle, Orange sanguine et Canneberge.\" \/>\n<meta name=\"robots\" content=\"index, follow, max-snippet:-1, max-image-preview:large, max-video-preview:-1\" \/>\n<link rel=\"canonical\" href=\"https:\/\/ca.whiteclaw.com\/fr\/products\/surge-variety-pack\/\" \/>\n<meta property=\"og:locale\" content=\"fr_CA\" \/>\n<meta property=\"og:type\" content=\"article\" \/>\n<meta property=\"og:title\" content=\"White Claw Surge\u2122 Caisse mixte | White Claw\u00ae Hard Seltzer Canada\" \/>\n<meta property=\"og:description\" content=\"White Claw\u00ae Hard Seltzer Surge offre une vague intense de savoureux rafra\u00eechissement. Maintenant en caisse mixte; contient les saveurs M\u00fbre, Lime naturelle, Orange sanguine et Canneberge.\" \/>\n<meta property=\"og:url\" content=\"https:\/\/ca.whiteclaw.com\/fr\/products\/surge-variety-pack\/\" \/>\n<meta property=\"og:site_name\" content=\"White Claw\u00ae Canada | On prend la vague\" \/>\n<meta property=\"article:modified_time\" content=\"2025-08-27T09:31:35+00:00\" \/>\n<meta name=\"twitter:card\" content=\"summary_large_image\" \/>\n<script type=\"application\/ld+json\" class=\"yoast-schema-graph\">{\"@context\":\"https:\\\/\\\/schema.org\",\"@graph\":[{\"@type\":\"WebPage\",\"@id\":\"https:\\\/\\\/ca.whiteclaw.com\\\/fr\\\/products\\\/surge-variety-pack\\\/\",\"url\":\"https:\\\/\\\/ca.whiteclaw.com\\\/fr\\\/products\\\/surge-variety-pack\\\/\",\"name\":\"White Claw Surge\u2122 Caisse mixte | White Claw\u00ae Hard Seltzer Canada\",\"isPartOf\":{\"@id\":\"https:\\\/\\\/ca.whiteclaw.com\\\/fr\\\/#website\"},\"datePublished\":\"2025-08-07T09:59:43+00:00\",\"dateModified\":\"2025-08-27T09:31:35+00:00\",\"description\":\"White Claw\u00ae Hard Seltzer Surge offre une vague intense de savoureux rafra\u00eechissement. Maintenant en caisse mixte; contient les saveurs M\u00fbre, Lime naturelle, Orange sanguine et Canneberge.\",\"breadcrumb\":{\"@id\":\"https:\\\/\\\/ca.whiteclaw.com\\\/fr\\\/products\\\/surge-variety-pack\\\/#breadcrumb\"},\"inLanguage\":\"en-US\",\"potentialAction\":[{\"@type\":\"ReadAction\",\"target\":[\"https:\\\/\\\/ca.whiteclaw.com\\\/fr\\\/products\\\/surge-variety-pack\\\/\"]}]},{\"@type\":\"BreadcrumbList\",\"@id\":\"https:\\\/\\\/ca.whiteclaw.com\\\/fr\\\/products\\\/surge-variety-pack\\\/#breadcrumb\",\"itemListElement\":[{\"@type\":\"ListItem\",\"position\":1,\"name\":\"Home\",\"item\":\"https:\\\/\\\/ca.whiteclaw.com\\\/fr\\\/\"},{\"@type\":\"ListItem\",\"position\":2,\"name\":\"Caisse Mixte White Claw SurgeMC \u2013 12 unit\u00e9s\"}]},{\"@type\":\"WebSite\",\"@id\":\"https:\\\/\\\/ca.whiteclaw.com\\\/fr\\\/#website\",\"url\":\"https:\\\/\\\/ca.whiteclaw.com\\\/fr\\\/\",\"name\":\"White Claw\u00ae Canada | On prend la vague\",\"description\":\"\",\"publisher\":{\"@id\":\"https:\\\/\\\/ca.whiteclaw.com\\\/fr\\\/#organization\"},\"potentialAction\":[{\"@type\":\"SearchAction\",\"target\":{\"@type\":\"EntryPoint\",\"urlTemplate\":\"https:\\\/\\\/ca.whiteclaw.com\\\/fr\\\/?s={search_term_string}\"},\"query-input\":{\"@type\":\"PropertyValueSpecification\",\"valueRequired\":true,\"valueName\":\"search_term_string\"}}],\"inLanguage\":\"en-US\"},{\"@type\":\"Organization\",\"@id\":\"https:\\\/\\\/ca.whiteclaw.com\\\/fr\\\/#organization\",\"name\":\"White Claw\u00ae Canada | On prend la vague\",\"url\":\"https:\\\/\\\/ca.whiteclaw.com\\\/fr\\\/\",\"logo\":{\"@type\":\"ImageObject\",\"inLanguage\":\"en-US\",\"@id\":\"https:\\\/\\\/ca.whiteclaw.com\\\/fr\\\/#\\\/schema\\\/logo\\\/image\\\/\",\"url\":\"https:\\\/\\\/ca.whiteclaw.com\\\/fr\\\/wp-content\\\/uploads\\\/sites\\\/4\\\/2025\\\/05\\\/cropped-logo.webp\",\"contentUrl\":\"https:\\\/\\\/ca.whiteclaw.com\\\/fr\\\/wp-content\\\/uploads\\\/sites\\\/4\\\/2025\\\/05\\\/cropped-logo.webp\",\"width\":120,\"height\":120,\"caption\":\"White Claw\u00ae Canada | On prend la vague  \"},\"image\":{\"@id\":\"https:\\\/\\\/ca.whiteclaw.com\\\/fr\\\/#\\\/schema\\\/logo\\\/image\\\/\"}}]}<\/script>\n<!-- \/ Yoast SEO plugin. -->","yoast_head_json":{"title":"White Claw Surge\u2122 Caisse mixte | White Claw\u00ae Hard Seltzer Canada","description":"White Claw\u00ae Hard Seltzer Surge offre une vague intense de savoureux rafra\u00eechissement. Maintenant en caisse mixte; contient les saveurs M\u00fbre, Lime naturelle, Orange sanguine et Canneberge.","robots":{"index":"index","follow":"follow","max-snippet":"max-snippet:-1","max-image-preview":"max-image-preview:large","max-video-preview":"max-video-preview:-1"},"canonical":"https:\/\/ca.whiteclaw.com\/fr\/products\/surge-variety-pack\/","og_locale":"fr_CA","og_type":"article","og_title":"White Claw Surge\u2122 Caisse mixte | White Claw\u00ae Hard Seltzer Canada","og_description":"White Claw\u00ae Hard Seltzer Surge offre une vague intense de savoureux rafra\u00eechissement. Maintenant en caisse mixte; contient les saveurs M\u00fbre, Lime naturelle, Orange sanguine et Canneberge.","og_url":"https:\/\/ca.whiteclaw.com\/fr\/products\/surge-variety-pack\/","og_site_name":"White Claw\u00ae Canada | On prend la vague","article_modified_time":"2025-08-27T09:31:35+00:00","twitter_card":"summary_large_image","schema":{"@context":"https:\/\/schema.org","@graph":[{"@type":"WebPage","@id":"https:\/\/ca.whiteclaw.com\/fr\/products\/surge-variety-pack\/","url":"https:\/\/ca.whiteclaw.com\/fr\/products\/surge-variety-pack\/","name":"White Claw Surge\u2122 Caisse mixte | White Claw\u00ae Hard Seltzer Canada","isPartOf":{"@id":"https:\/\/ca.whiteclaw.com\/fr\/#website"},"datePublished":"2025-08-07T09:59:43+00:00","dateModified":"2025-08-27T09:31:35+00:00","description":"White Claw\u00ae Hard Seltzer Surge offre une vague intense de savoureux rafra\u00eechissement. Maintenant en caisse mixte; contient les saveurs M\u00fbre, Lime naturelle, Orange sanguine et Canneberge.","breadcrumb":{"@id":"https:\/\/ca.whiteclaw.com\/fr\/products\/surge-variety-pack\/#breadcrumb"},"inLanguage":"en-US","potentialAction":[{"@type":"ReadAction","target":["https:\/\/ca.whiteclaw.com\/fr\/products\/surge-variety-pack\/"]}]},{"@type":"BreadcrumbList","@id":"https:\/\/ca.whiteclaw.com\/fr\/products\/surge-variety-pack\/#breadcrumb","itemListElement":[{"@type":"ListItem","position":1,"name":"Home","item":"https:\/\/ca.whiteclaw.com\/fr\/"},{"@type":"ListItem","position":2,"name":"Caisse Mixte White Claw SurgeMC \u2013 12 unit\u00e9s"}]},{"@type":"WebSite","@id":"https:\/\/ca.whiteclaw.com\/fr\/#website","url":"https:\/\/ca.whiteclaw.com\/fr\/","name":"White Claw\u00ae Canada | On prend la vague","description":"","publisher":{"@id":"https:\/\/ca.whiteclaw.com\/fr\/#organization"},"potentialAction":[{"@type":"SearchAction","target":{"@type":"EntryPoint","urlTemplate":"https:\/\/ca.whiteclaw.com\/fr\/?s={search_term_string}"},"query-input":{"@type":"PropertyValueSpecification","valueRequired":true,"valueName":"search_term_string"}}],"inLanguage":"en-US"},{"@type":"Organization","@id":"https:\/\/ca.whiteclaw.com\/fr\/#organization","name":"White Claw\u00ae Canada | On prend la vague","url":"https:\/\/ca.whiteclaw.com\/fr\/","logo":{"@type":"ImageObject","inLanguage":"en-US","@id":"https:\/\/ca.whiteclaw.com\/fr\/#\/schema\/logo\/image\/","url":"https:\/\/ca.whiteclaw.com\/fr\/wp-content\/uploads\/sites\/4\/2025\/05\/cropped-logo.webp","contentUrl":"https:\/\/ca.whiteclaw.com\/fr\/wp-content\/uploads\/sites\/4\/2025\/05\/cropped-logo.webp","width":120,"height":120,"caption":"White Claw\u00ae Canada | On prend la vague  "},"image":{"@id":"https:\/\/ca.whiteclaw.com\/fr\/#\/schema\/logo\/image\/"}}]}},"product_hierarchy":{"category":"","subcategory":"","category_id":null,"subcategory_id":null,"category_slug":"","subcategory_slug":"","subcategory_new_tag":"","product_id":4279,"product_name":"Caisse Mixte White Claw SurgeMC \u2013 12 unit\u00e9s","menu_order":12},"product_taxonomies":{"product_size":null,"product_pack":null},"_links":{"self":[{"href":"https:\/\/ca.whiteclaw.com\/fr\/wp-json\/wp\/v2\/product\/4279","targetHints":{"allow":["GET"]}}],"collection":[{"href":"https:\/\/ca.whiteclaw.com\/fr\/wp-json\/wp\/v2\/product"}],"about":[{"href":"https:\/\/ca.whiteclaw.com\/fr\/wp-json\/wp\/v2\/types\/product"}],"version-history":[{"count":0,"href":"https:\/\/ca.whiteclaw.com\/fr\/wp-json\/wp\/v2\/product\/4279\/revisions"}],"wp:attachment":[{"href":"https:\/\/ca.whiteclaw.com\/fr\/wp-json\/wp\/v2\/media?parent=4279"}],"wp:term":[{"taxonomy":"product_type","embeddable":true,"href":"https:\/\/ca.whiteclaw.com\/fr\/wp-json\/wp\/v2\/product_type?post=4279"},{"taxonomy":"product_sizes","embeddable":true,"href":"https:\/\/ca.whiteclaw.com\/fr\/wp-json\/wp\/v2\/product_sizes?post=4279"},{"taxonomy":"product_packs","embeddable":true,"href":"https:\/\/ca.whiteclaw.com\/fr\/wp-json\/wp\/v2\/product_packs?post=4279"}],"curies":[{"name":"wp","href":"https:\/\/api.w.org\/{rel}","templated":true}]}}