{"id":4297,"date":"2025-08-07T10:26:36","date_gmt":"2025-08-07T10:26:36","guid":{"rendered":"https:\/\/whiteclawcadev.wpenginepowered.com\/fr\/?post_type=product&#038;p=4297"},"modified":"2025-12-11T15:31:02","modified_gmt":"2025-12-11T15:31:02","slug":"zero-proof-variety-pack","status":"publish","type":"product","link":"https:\/\/ca.whiteclaw.com\/fr\/products\/zero-proof-variety-pack\/","title":{"rendered":"CAISSE MIXTE WHITE CLAW Z\u00c9RO ALCOOL &#8211; 15 UNIT\u00c9S"},"content":{"rendered":"<section class=\"product-details\">\n    <div class=\"product-details__wrapper\">\n        \n<div class=\"product-details__content\">\n    \n<div style=\"--product-background-color: #293d7c;\" class=\"product-details__images product-details__images-type--box has-bg-color wp-block-markanthonygroup-product-details-image\">\n    <div class=\"product-details__image product-details__image--pack\">\n        <div class=\"product-details__image-wrapper\">\n                            <img decoding=\"async\" src=\"https:\/\/ca.whiteclaw.com\/fr\/wp-content\/uploads\/sites\/4\/2025\/08\/Web-White-Claw-Zero-Proof-15x355mL-Carton-FR_1.png?t=1764860189651\"\n                    alt=\"\" class=\"product-details__img-large\" \/>\n                                <\/div>\n    <\/div>\n<\/div>\n\n<div class=\"product-details__body\" data-category=\"WHITE CLAW\u00ae VARIETY PACKS\">\n    \n<h1 class=\"product-details__title\" style=\"color:#29307d;\">CAISSE MIXTE WHITE CLAW Z\u00c9RO ALCOOL &#8211; 15 UNIT\u00c9S<\/h1>\n\n    <div class=\"product-details__description\">\n        <p class=\"product-details__description-text\">White Claw Z\u00e9ro Alcool dans une vari\u00e9t\u00e9 de saveurs embl\u00e9matiques, toutes aussi rafra\u00eechissantes et d\u00e9licieuses les unes que les autres. Des notes de cerise noire et de canneberge m\u00fbres aux saveurs \u00e9quilibr\u00e9es de mangue fruit de la passion, en passant par les saveurs complexes d&#8217;agrumes de la lime yuzu &#8211; le tout avec des \u00e9lectrolytes hydratants et 10 calories par canette de 355 mL.<\/p>\n    <\/div>\n    \n\n\n<div class=\"product-details__icons\">\n  <div class=\"product-details__icons-panel\">\n    \n\n<div class=\"icon-set wp-block-markanthonygroup-icon-set\">\n    \n\n<div class=\"icon-set__icon-wrap wp-block-markanthonygroup-icon\">\n\n    \n        <img decoding=\"async\" src=\"https:\/\/ca.whiteclaw.com\/fr\/wp-content\/uploads\/sites\/4\/2025\/06\/0_Alc.Vol_.svg\" class=\"icon-set__icon\" alt=\"Sans alcool\" \/>\n    \n    <span class=\"icon-set__icon-title\">Sans alcool<\/span>\n    <span class=\"icon-set__icon-subtitle\"><\/span>\n\n<\/div>\n\n\n<div class=\"icon-set__icon-wrap wp-block-markanthonygroup-icon\">\n\n    \n        <img decoding=\"async\" src=\"https:\/\/ca.whiteclaw.com\/fr\/wp-content\/uploads\/sites\/4\/2025\/08\/CanRTBs.avif\" class=\"icon-set__icon\" alt=\"Calories\" \/>\n    \n    <span class=\"icon-set__icon-title\">Calories<\/span>\n    <span class=\"icon-set__icon-subtitle\">par canette (355\u00a0mL)<\/span>\n\n<\/div>\n\n\n<div class=\"icon-set__icon-wrap wp-block-markanthonygroup-icon\">\n\n    \n        <img decoding=\"async\" src=\"https:\/\/ca.whiteclaw.com\/fr\/wp-content\/uploads\/sites\/4\/2025\/06\/Suite_Electrolytes.svg\" class=\"icon-set__icon\" alt=\"\u00c9LECTROLYTES HYDRATANTS\" \/>\n    \n    <span class=\"icon-set__icon-title\">\u00c9LECTROLYTES HYDRATANTS<\/span>\n    <span class=\"icon-set__icon-subtitle\"><\/span>\n\n<\/div>\n<\/div>\n  <\/div>\n<\/div>\n\n<div class=\"product-details__pack-contents\">\n    <h2 class=\"product-details__subheading product-details__pack-contents-heading\">LA CAISSE MIXTE CONTIENT:<\/h2>\n    <ul class=\"product-details__pack-contents-list\">\n                    <a class=\"product-details__pack-contents-link\" href=\"https:\/\/ca.whiteclaw.com\/fr\/products\/zero-proof-black-cherry-cranberry\/\">\n                <img decoding=\"async\" src=\"https:\/\/ca.whiteclaw.com\/fr\/wp-content\/uploads\/sites\/4\/2025\/06\/Web-White-Claw-Zero-Proof-Black-Cherry-Cranberry-355mL-Can.png?t=1764761280472\" alt=\"\" class=\"product-details__pack-contents-image\" \/>\n                <span class=\"product-details__pack-contents-name\">Cerise Noire Canneberge<\/span>\n                                                                    <div class=\"product-details__pack-contents-new-tag\">NOUVEAU<\/div>\n                            <\/a>\n                    <a class=\"product-details__pack-contents-link\" href=\"https:\/\/ca.whiteclaw.com\/fr\/products\/zero-proof-mango-passion-fruit\/\">\n                <img decoding=\"async\" src=\"https:\/\/ca.whiteclaw.com\/fr\/wp-content\/uploads\/sites\/4\/2025\/06\/Web-White-Claw-Zero-Proof-Mango-Passion-Fruit-355mL-Can.png?t=1764761097713\" alt=\"\" class=\"product-details__pack-contents-image\" \/>\n                <span class=\"product-details__pack-contents-name\">Mangue Fruit de la Passion<\/span>\n                                                                    <div class=\"product-details__pack-contents-new-tag\">NOUVEAU<\/div>\n                            <\/a>\n                    <a class=\"product-details__pack-contents-link\" href=\"https:\/\/ca.whiteclaw.com\/fr\/products\/zero-proof-lime-yuzu\/\">\n                <img decoding=\"async\" src=\"https:\/\/ca.whiteclaw.com\/fr\/wp-content\/uploads\/sites\/4\/2025\/06\/Web-White-Claw-Zero-Proof-Lime-Yuzu-355mL-Can.png?t=1764760997502\" alt=\"\" class=\"product-details__pack-contents-image\" \/>\n                <span class=\"product-details__pack-contents-name\">Lime Yuzu<\/span>\n                                                                    <div class=\"product-details__pack-contents-new-tag\">NOUVEAU<\/div>\n                            <\/a>\n            <\/ul>\n<\/div>\n<\/div>\n<\/div>\n\n    <\/div>\n<\/section>\n\n\n<div class=\"instagram wp-block-markanthonygroup-instagram-widget\" style=\"--title-color: #000000; --description-color: #000000\">\n        <h2 class=\"instagram__title\">\n        #WHITECLAWCANADA    <\/h2>\n        \n        <p class=\"instagram__description\">\n        Partagez avec nous vos moments pr\u00e9f\u00e9r\u00e9s.    <\/p>\n        \n    <div class=\"elfsight-app-ba6be281-14fe-40ea-b2fc-6fdd7778462d\" data-elfsight-app-lazy><\/div>\n<\/div>\n\n\n<div class=\"content-cards animation-wrapper wp-block-markanthonygroup-content-cards\" style=\"--title-color: #000000; --subtitle-color: ; --bg-color: #FFFFFF;\">\n            <h2 class=\"content-cards__title slide-up\">SURFEZ UNE AUTRE VAGUE<\/h2>\n            <div class=\"content-cards__items\">\n        \n\n<div \nclass=\"content-card js-player slide-up slide-left-mobile animation-delay-lg-1 wp-block-markanthonygroup-content-card\" \nstyle=\"--title-color: #000000; --subtitle-color: #000000; --description-color: #000000; --hover-bg-color: transparent; --button-color: #000000; --button-alt-color: #FFFFFF; --button-border-radius: 0px; \" \ndata-dl-button-text=\"PLONGEZ\"\ndata-media-type=\"image\" \n>\n        <a href=\"https:\/\/ca.whiteclaw.com\/fr\/products\/\" target=\"_self\" class=\"content-card__overlay-link\"><\/a>\n        \n    <div class=\"content-card__wrap-inner\">\n\n        <div class=\"content-card__media-col\">\n                        <img decoding=\"async\" src=\"https:\/\/ca.whiteclaw.com\/fr\/wp-content\/uploads\/sites\/4\/2025\/08\/Z6Hnu5bqstJ9-M06_WhiteClaw_Project100_CA_Core_Lake_Dock_Product_01-1024x832.jpg\" class=\"content-card__card\" alt=\"Nos Produits\" \/>\n                    <\/div>\n        <div class=\"content-card__content-col\">\n\n                        <h3 class=\"content-card__title\">\n                Nos Produits            <\/h3>\n            \n            \n            \n                                            <div class=\"btn btn-secondary content-card__button\">\n                    PLONGEZ                                    <\/div>\n                                    <\/div>\n    <\/div>\n    <\/div>\n\n\n\n\n<div \nclass=\"content-card js-player slide-up slide-left-mobile animation-delay-lg-2 wp-block-markanthonygroup-content-card\" \nstyle=\"--title-color: #000000; --subtitle-color: #000000; --description-color: #000000; --hover-bg-color: transparent; --button-color: #000000; --button-alt-color: #FFFFFF; --button-border-radius: 0px; \" \ndata-dl-button-text=\"EXPLOREZ\"\ndata-media-type=\"image\" \n>\n        <a href=\"https:\/\/ca.whiteclaw.com\/fr\/shore-club\/\" target=\"_self\" class=\"content-card__overlay-link\"><\/a>\n        \n    <div class=\"content-card__wrap-inner\">\n\n        <div class=\"content-card__media-col\">\n                        <img decoding=\"async\" src=\"https:\/\/ca.whiteclaw.com\/fr\/wp-content\/uploads\/sites\/4\/2025\/08\/Z2FYT5bqstJ98l4o_Zo5Gjh5LeNNTw-yT_Products-DesktopUPDATE-1024x1024.jpeg\" class=\"content-card__card\" alt=\"\u00c9V\u00c9NEMENTS\" \/>\n                    <\/div>\n        <div class=\"content-card__content-col\">\n\n                        <h3 class=\"content-card__title\">\n                \u00c9V\u00c9NEMENTS            <\/h3>\n            \n            \n            \n                                            <div class=\"btn btn-secondary content-card__button\">\n                    EXPLOREZ                                    <\/div>\n                                    <\/div>\n    <\/div>\n    <\/div>\n\n\n\n\n<div \nclass=\"content-card js-player slide-up slide-left-mobile animation-delay-lg-3 wp-block-markanthonygroup-content-card\" \nstyle=\"--title-color: #000000; --subtitle-color: #000000; --description-color: #000000; --hover-bg-color: transparent; --button-color: #000000; --button-alt-color: #FFFFFF; --button-border-radius: 0px; \" \ndata-dl-button-text=\"EXPLOREZ\"\ndata-media-type=\"image\" \n>\n        <a href=\"https:\/\/ca.whiteclaw.com\/fr\/our-story\/\" target=\"_self\" class=\"content-card__overlay-link\"><\/a>\n        \n    <div class=\"content-card__wrap-inner\">\n\n        <div class=\"content-card__media-col\">\n                        <img decoding=\"async\" src=\"https:\/\/ca.whiteclaw.com\/fr\/wp-content\/uploads\/sites\/4\/2025\/07\/85269d58-7e7d-4fb5-9bec-83676995d459_catch_another_wave.png\" class=\"content-card__card\" alt=\"NOTRE HISTOIRE\" \/>\n                    <\/div>\n        <div class=\"content-card__content-col\">\n\n                        <h3 class=\"content-card__title\">\n                NOTRE HISTOIRE            <\/h3>\n            \n            \n            \n                                            <div class=\"btn btn-secondary content-card__button\">\n                    EXPLOREZ                                    <\/div>\n                                    <\/div>\n    <\/div>\n    <\/div>\n\n\n    <\/div>\n<\/div>","protected":false},"featured_media":0,"template":"","meta":{"_acf_changed":false,"event_time_zone":"America\/Chicago","event_all_day":"false","event_start_date":"","event_end_date":"","event_date_coming_soon":false,"event_subtitle":"","event_description":"","event_teaser":"Sun, sand, live bands, and an ice-cold Mike\u2019s in your hand\u2014what more could you want?","event_highlights":"","event_highlights_summary":"Highlights: Sun-soaked fun with live DJs, volleyball tournaments, and an endless supply of Mike\u2019s refreshing flavors.","event_bg_type":"color","event_bg_color":"#F6F6F6","event_bg_image":"","event_hide_from_upcoming_events":"false","event_hide_from_previous_events":"false","event_hide_from_event_calendar":"false","event_use_custom_card_media":false,"event_card_media_type":"image","event_card_image_id":"","event_card_video_type":"uploaded","event_card_youtube_link":"","event_card_desktop_video_id":"","event_card_mobile_video_id":"","event_card_show_in_modal":false,"event_card_play_btn_id":"","event_card_desktop_image_id":"","event_card_mobile_image_id":"","product_available_packs":"[[\"6\",\"Single Flavour - 6 pack\"],[\"12\",\"Variety Pack No.1 - 12 pack\"],[\"24\",\"Variety Pack - 24 pack\"],[\"30\",\"Variety Pack - 30 pack\"]]","product_available_packs_order":"","product_available_sizes":"[\"355 mL\",\"473 mL\"]","product_description":"White Claw Z\u00e9ro Alcool dans une vari\u00e9t\u00e9 de saveurs embl\u00e9matiques, toutes aussi rafra\u00eechissantes et d\u00e9licieuses les unes que les autres. Des notes de cerise noire et de canneberge m\u00fbres aux saveurs \u00e9quilibr\u00e9es de mangue fruit de la passion, en passant par les saveurs complexes d'agrumes de la lime yuzu - le tout avec des \u00e9lectrolytes hydratants et 10 calories par canette de 355 mL.","product_background_image":"https:\/\/ca.whiteclaw.com\/fr\/wp-content\/uploads\/sites\/4\/2025\/05\/WC-SMASH_Vodka_BG1-720x770-2-.avif?t=1754562100494","product_background_color":"#293d7c","background_type":"color","product_image":"{\"id\":5021,\"url\":\"https:\/\/ca.whiteclaw.com\/fr\/wp-content\/uploads\/sites\/4\/2025\/08\/Web-White-Claw-Zero-Proof-15x355mL-Carton-FR_1.png?t=1764860189651\",\"alt\":\"\"}","product_image_type":"box","product_image_fruit":"","gradient_from":"#ed4225","gradient_to":"#fdbb05","pack_flavors":"[\"3363\",\"3382\",\"3386\"]","pack_amounts":"[\"0\",\"0\",\"0\"]","product_subtitle":"","product_type":"pack","product_eans":"","product_badge":"","product_new_tag":"NOUVEAU","product_badge_color":"","footnotes":""},"product_type":[],"product_sizes":[],"product_packs":[],"class_list":["post-4297","product","type-product","status-publish","hentry"],"acf":[],"yoast_head":"<!-- This site is optimized with the Yoast SEO plugin v27.4 - https:\/\/yoast.com\/product\/yoast-seo-wordpress\/ -->\n<title>White Claw Z\u00e9ro Alcool Caisse Mixte 15 Unit\u00e9s<\/title>\n<meta name=\"description\" content=\"White Claw Z\u00e9ro Alcool dans une vari\u00e9t\u00e9 de saveurs embl\u00e9matiques, toutes aussi rafra\u00eechissantes et d\u00e9licieuses les unes que les autres.\" \/>\n<meta name=\"robots\" content=\"index, follow, max-snippet:-1, max-image-preview:large, max-video-preview:-1\" \/>\n<link rel=\"canonical\" href=\"https:\/\/ca.whiteclaw.com\/fr\/products\/zero-proof-variety-pack\/\" \/>\n<meta property=\"og:locale\" content=\"fr_CA\" \/>\n<meta property=\"og:type\" content=\"article\" \/>\n<meta property=\"og:title\" content=\"White Claw Z\u00e9ro Alcool Caisse Mixte 15 Unit\u00e9s\" \/>\n<meta property=\"og:description\" content=\"White Claw Z\u00e9ro Alcool dans une vari\u00e9t\u00e9 de saveurs embl\u00e9matiques, toutes aussi rafra\u00eechissantes et d\u00e9licieuses les unes que les autres.\" \/>\n<meta property=\"og:url\" content=\"https:\/\/ca.whiteclaw.com\/fr\/products\/zero-proof-variety-pack\/\" \/>\n<meta property=\"og:site_name\" content=\"White Claw\u00ae Canada | On prend la vague\" \/>\n<meta property=\"article:modified_time\" content=\"2025-12-11T15:31:02+00:00\" \/>\n<meta name=\"twitter:card\" content=\"summary_large_image\" \/>\n<script type=\"application\/ld+json\" class=\"yoast-schema-graph\">{\"@context\":\"https:\\\/\\\/schema.org\",\"@graph\":[{\"@type\":\"WebPage\",\"@id\":\"https:\\\/\\\/ca.whiteclaw.com\\\/fr\\\/products\\\/zero-proof-variety-pack\\\/\",\"url\":\"https:\\\/\\\/ca.whiteclaw.com\\\/fr\\\/products\\\/zero-proof-variety-pack\\\/\",\"name\":\"White Claw Z\u00e9ro Alcool Caisse Mixte 15 Unit\u00e9s\",\"isPartOf\":{\"@id\":\"https:\\\/\\\/ca.whiteclaw.com\\\/fr\\\/#website\"},\"datePublished\":\"2025-08-07T10:26:36+00:00\",\"dateModified\":\"2025-12-11T15:31:02+00:00\",\"description\":\"White Claw Z\u00e9ro Alcool dans une vari\u00e9t\u00e9 de saveurs embl\u00e9matiques, toutes aussi rafra\u00eechissantes et d\u00e9licieuses les unes que les autres.\",\"breadcrumb\":{\"@id\":\"https:\\\/\\\/ca.whiteclaw.com\\\/fr\\\/products\\\/zero-proof-variety-pack\\\/#breadcrumb\"},\"inLanguage\":\"en-US\",\"potentialAction\":[{\"@type\":\"ReadAction\",\"target\":[\"https:\\\/\\\/ca.whiteclaw.com\\\/fr\\\/products\\\/zero-proof-variety-pack\\\/\"]}]},{\"@type\":\"BreadcrumbList\",\"@id\":\"https:\\\/\\\/ca.whiteclaw.com\\\/fr\\\/products\\\/zero-proof-variety-pack\\\/#breadcrumb\",\"itemListElement\":[{\"@type\":\"ListItem\",\"position\":1,\"name\":\"Home\",\"item\":\"https:\\\/\\\/ca.whiteclaw.com\\\/fr\\\/\"},{\"@type\":\"ListItem\",\"position\":2,\"name\":\"CAISSE MIXTE WHITE CLAW Z\u00c9RO ALCOOL &#8211; 15 UNIT\u00c9S\"}]},{\"@type\":\"WebSite\",\"@id\":\"https:\\\/\\\/ca.whiteclaw.com\\\/fr\\\/#website\",\"url\":\"https:\\\/\\\/ca.whiteclaw.com\\\/fr\\\/\",\"name\":\"White Claw\u00ae Canada | On prend la vague\",\"description\":\"\",\"publisher\":{\"@id\":\"https:\\\/\\\/ca.whiteclaw.com\\\/fr\\\/#organization\"},\"potentialAction\":[{\"@type\":\"SearchAction\",\"target\":{\"@type\":\"EntryPoint\",\"urlTemplate\":\"https:\\\/\\\/ca.whiteclaw.com\\\/fr\\\/?s={search_term_string}\"},\"query-input\":{\"@type\":\"PropertyValueSpecification\",\"valueRequired\":true,\"valueName\":\"search_term_string\"}}],\"inLanguage\":\"en-US\"},{\"@type\":\"Organization\",\"@id\":\"https:\\\/\\\/ca.whiteclaw.com\\\/fr\\\/#organization\",\"name\":\"White Claw\u00ae Canada | On prend la vague\",\"url\":\"https:\\\/\\\/ca.whiteclaw.com\\\/fr\\\/\",\"logo\":{\"@type\":\"ImageObject\",\"inLanguage\":\"en-US\",\"@id\":\"https:\\\/\\\/ca.whiteclaw.com\\\/fr\\\/#\\\/schema\\\/logo\\\/image\\\/\",\"url\":\"https:\\\/\\\/ca.whiteclaw.com\\\/fr\\\/wp-content\\\/uploads\\\/sites\\\/4\\\/2025\\\/05\\\/cropped-logo.webp\",\"contentUrl\":\"https:\\\/\\\/ca.whiteclaw.com\\\/fr\\\/wp-content\\\/uploads\\\/sites\\\/4\\\/2025\\\/05\\\/cropped-logo.webp\",\"width\":120,\"height\":120,\"caption\":\"White Claw\u00ae Canada | On prend la vague  \"},\"image\":{\"@id\":\"https:\\\/\\\/ca.whiteclaw.com\\\/fr\\\/#\\\/schema\\\/logo\\\/image\\\/\"}}]}<\/script>\n<!-- \/ Yoast SEO plugin. -->","yoast_head_json":{"title":"White Claw Z\u00e9ro Alcool Caisse Mixte 15 Unit\u00e9s","description":"White Claw Z\u00e9ro Alcool dans une vari\u00e9t\u00e9 de saveurs embl\u00e9matiques, toutes aussi rafra\u00eechissantes et d\u00e9licieuses les unes que les autres.","robots":{"index":"index","follow":"follow","max-snippet":"max-snippet:-1","max-image-preview":"max-image-preview:large","max-video-preview":"max-video-preview:-1"},"canonical":"https:\/\/ca.whiteclaw.com\/fr\/products\/zero-proof-variety-pack\/","og_locale":"fr_CA","og_type":"article","og_title":"White Claw Z\u00e9ro Alcool Caisse Mixte 15 Unit\u00e9s","og_description":"White Claw Z\u00e9ro Alcool dans une vari\u00e9t\u00e9 de saveurs embl\u00e9matiques, toutes aussi rafra\u00eechissantes et d\u00e9licieuses les unes que les autres.","og_url":"https:\/\/ca.whiteclaw.com\/fr\/products\/zero-proof-variety-pack\/","og_site_name":"White Claw\u00ae Canada | On prend la vague","article_modified_time":"2025-12-11T15:31:02+00:00","twitter_card":"summary_large_image","schema":{"@context":"https:\/\/schema.org","@graph":[{"@type":"WebPage","@id":"https:\/\/ca.whiteclaw.com\/fr\/products\/zero-proof-variety-pack\/","url":"https:\/\/ca.whiteclaw.com\/fr\/products\/zero-proof-variety-pack\/","name":"White Claw Z\u00e9ro Alcool Caisse Mixte 15 Unit\u00e9s","isPartOf":{"@id":"https:\/\/ca.whiteclaw.com\/fr\/#website"},"datePublished":"2025-08-07T10:26:36+00:00","dateModified":"2025-12-11T15:31:02+00:00","description":"White Claw Z\u00e9ro Alcool dans une vari\u00e9t\u00e9 de saveurs embl\u00e9matiques, toutes aussi rafra\u00eechissantes et d\u00e9licieuses les unes que les autres.","breadcrumb":{"@id":"https:\/\/ca.whiteclaw.com\/fr\/products\/zero-proof-variety-pack\/#breadcrumb"},"inLanguage":"en-US","potentialAction":[{"@type":"ReadAction","target":["https:\/\/ca.whiteclaw.com\/fr\/products\/zero-proof-variety-pack\/"]}]},{"@type":"BreadcrumbList","@id":"https:\/\/ca.whiteclaw.com\/fr\/products\/zero-proof-variety-pack\/#breadcrumb","itemListElement":[{"@type":"ListItem","position":1,"name":"Home","item":"https:\/\/ca.whiteclaw.com\/fr\/"},{"@type":"ListItem","position":2,"name":"CAISSE MIXTE WHITE CLAW Z\u00c9RO ALCOOL &#8211; 15 UNIT\u00c9S"}]},{"@type":"WebSite","@id":"https:\/\/ca.whiteclaw.com\/fr\/#website","url":"https:\/\/ca.whiteclaw.com\/fr\/","name":"White Claw\u00ae Canada | On prend la vague","description":"","publisher":{"@id":"https:\/\/ca.whiteclaw.com\/fr\/#organization"},"potentialAction":[{"@type":"SearchAction","target":{"@type":"EntryPoint","urlTemplate":"https:\/\/ca.whiteclaw.com\/fr\/?s={search_term_string}"},"query-input":{"@type":"PropertyValueSpecification","valueRequired":true,"valueName":"search_term_string"}}],"inLanguage":"en-US"},{"@type":"Organization","@id":"https:\/\/ca.whiteclaw.com\/fr\/#organization","name":"White Claw\u00ae Canada | On prend la vague","url":"https:\/\/ca.whiteclaw.com\/fr\/","logo":{"@type":"ImageObject","inLanguage":"en-US","@id":"https:\/\/ca.whiteclaw.com\/fr\/#\/schema\/logo\/image\/","url":"https:\/\/ca.whiteclaw.com\/fr\/wp-content\/uploads\/sites\/4\/2025\/05\/cropped-logo.webp","contentUrl":"https:\/\/ca.whiteclaw.com\/fr\/wp-content\/uploads\/sites\/4\/2025\/05\/cropped-logo.webp","width":120,"height":120,"caption":"White Claw\u00ae Canada | On prend la vague  "},"image":{"@id":"https:\/\/ca.whiteclaw.com\/fr\/#\/schema\/logo\/image\/"}}]}},"product_hierarchy":{"category":"","subcategory":"","category_id":null,"subcategory_id":null,"category_slug":"","subcategory_slug":"","subcategory_new_tag":"","product_id":4297,"product_name":"CAISSE MIXTE WHITE CLAW Z\u00c9RO ALCOOL &#8211; 15 UNIT\u00c9S","menu_order":20},"product_taxonomies":{"product_size":null,"product_pack":null},"_links":{"self":[{"href":"https:\/\/ca.whiteclaw.com\/fr\/wp-json\/wp\/v2\/product\/4297","targetHints":{"allow":["GET"]}}],"collection":[{"href":"https:\/\/ca.whiteclaw.com\/fr\/wp-json\/wp\/v2\/product"}],"about":[{"href":"https:\/\/ca.whiteclaw.com\/fr\/wp-json\/wp\/v2\/types\/product"}],"version-history":[{"count":0,"href":"https:\/\/ca.whiteclaw.com\/fr\/wp-json\/wp\/v2\/product\/4297\/revisions"}],"wp:attachment":[{"href":"https:\/\/ca.whiteclaw.com\/fr\/wp-json\/wp\/v2\/media?parent=4297"}],"wp:term":[{"taxonomy":"product_type","embeddable":true,"href":"https:\/\/ca.whiteclaw.com\/fr\/wp-json\/wp\/v2\/product_type?post=4297"},{"taxonomy":"product_sizes","embeddable":true,"href":"https:\/\/ca.whiteclaw.com\/fr\/wp-json\/wp\/v2\/product_sizes?post=4297"},{"taxonomy":"product_packs","embeddable":true,"href":"https:\/\/ca.whiteclaw.com\/fr\/wp-json\/wp\/v2\/product_packs?post=4297"}],"curies":[{"name":"wp","href":"https:\/\/api.w.org\/{rel}","templated":true}]}}