{"id":5115,"date":"2026-03-02T10:07:06","date_gmt":"2026-03-02T10:07:06","guid":{"rendered":"https:\/\/ca.whiteclaw.com\/fr\/?post_type=product&#038;p=5115"},"modified":"2026-03-02T10:18:14","modified_gmt":"2026-03-02T10:18:14","slug":"clawtails-mango-margarita","status":"publish","type":"product","link":"https:\/\/ca.whiteclaw.com\/fr\/products\/clawtails-mango-margarita\/","title":{"rendered":"MARGARITA \u00c0 LA MANGUE"},"content":{"rendered":"<section class=\"product-details\">\n    <div class=\"product-details__wrapper\">\n        \n<section class=\"product-details\">\n    <div class=\"product-details__wrapper\">\n        \n<div class=\"product-details__content\">\n    \n<div style=\"--product-background-image: url(https:\/\/ca.whiteclaw.com\/fr\/wp-content\/uploads\/sites\/4\/2026\/02\/Z-UTR3dAxsiBv9cD_Heroimagerefresh-Mango-margarita.avif?t=1770291787182);\" class=\"product-details__images product-details__images-type--box has-bg-image wp-block-markanthonygroup-product-details-image\">\n    <div class=\"product-details__image product-details__image--flavor\">\n        <div class=\"product-details__image-wrapper\">\n                            <img decoding=\"async\" src=\"https:\/\/ca.whiteclaw.com\/fr\/wp-content\/uploads\/sites\/4\/2026\/02\/White-Claw-ClawTails-MangoMagarita-355ml-Front-Super-HDreduce.png?t=1770291777503\"\n                    alt=\"\" class=\"product-details__img-large\" \/>\n                                <\/div>\n    <\/div>\n<\/div>\n\n<div class=\"product-details__body\" data-category=\"clawtails-originales\">\n    \n<h1 class=\"product-details__title\" style=\"color:#ec6625;\">MARGARITA \u00c0 LA MANGUE<\/h1>\n\n    <div class=\"product-details__description\">\n        <p class=\"product-details__description-text\">Des saveurs tropicales de mangue et des notes vives d\u2019agrumes dans un \u00e9quilibre parfait pour un go\u00fbt rafra\u00eechissant en toute simplicit\u00e9. Fait avec de vrais jus de fruits, l\u00e9g\u00e8rement p\u00e9tillant, 7 % alc\/vol.<\/p>\n    <\/div>\n    \n\n\n<div class=\"product-details__icons\">\n  <div class=\"product-details__icons-panel\">\n    \n\n<div class=\"icon-set wp-block-markanthonygroup-icon-set\">\n    \n\n<div class=\"icon-set__icon-wrap wp-block-markanthonygroup-icon\">\n\n    \n        <img decoding=\"async\" src=\"https:\/\/ca.whiteclaw.com\/fr\/wp-content\/uploads\/sites\/4\/2026\/02\/category-icon-alc-vol-7.png\" class=\"icon-set__icon\" alt=\"Alc.\/Vol\" \/>\n    \n    <span class=\"icon-set__icon-title\">Alc.\/Vol<\/span>\n    <span class=\"icon-set__icon-subtitle\"><\/span>\n\n<\/div>\n\n\n<div class=\"icon-set__icon-wrap wp-block-markanthonygroup-icon\">\n\n    \n        <img decoding=\"async\" src=\"https:\/\/ca.whiteclaw.com\/fr\/wp-content\/uploads\/sites\/4\/2026\/02\/category-icon-lightly-sparkling.png\" class=\"icon-set__icon\" alt=\"L\u00c9G\u00c8REMENT P\u00c9TILLANT\" \/>\n    \n    <span class=\"icon-set__icon-title\">L\u00c9G\u00c8REMENT P\u00c9TILLANT<\/span>\n    <span class=\"icon-set__icon-subtitle\"><\/span>\n\n<\/div>\n\n\n<div class=\"icon-set__icon-wrap wp-block-markanthonygroup-icon\">\n\n    \n        <img decoding=\"async\" src=\"https:\/\/ca.whiteclaw.com\/fr\/wp-content\/uploads\/sites\/4\/2026\/02\/category-icon-real-juice.png\" class=\"icon-set__icon\" alt=\"VRAI JUS\" \/>\n    \n    <span class=\"icon-set__icon-title\">VRAI JUS<\/span>\n    <span class=\"icon-set__icon-subtitle\"><\/span>\n\n<\/div>\n<\/div>\n  <\/div>\n<\/div>\n\n\n\n<div class=\"product-details__sizes\">\n    <div class=\"product-details__subheading\">Available Sizes<\/div>\n    <div class=\"product-details__sizes-preview\">       \n                            <div class=\"product-details__size-item\">\n                    <div class=\"product-details__size-icon\">\n                                                    <img decoding=\"async\" src=\"https:\/\/ca.whiteclaw.com\/fr\/wp-content\/uploads\/sites\/4\/2025\/08\/product-size-icon-355mL.png\" alt=\"355 mL\" \/>\n                                            <\/div>\n                    <div class=\"product-details__size-text\">\n                        355 mL                    <\/div>\n                <\/div>\n                    \n    <\/div>\n<\/div>\n\n\n<div class=\"product-details__packs\">\n<div class=\"product-details__subheading\">Available Packs<\/div>\n    <div class=\"product-details__packs-preview\">       \n                            <div class=\"product-details__pack-item\">\n                      <div class=\"product-details__pack-icon\">12<\/div>\n                      <div class=\"product-details__pack-text\">Clawtails Caisse Mixte &#8211; 12 unit\u00e9s<\/div>\n                  <\/div>\n                  \n    <\/div>\n<\/div>\n\n\n\n<div class=\"product-details__other-flavors\">\n            <h2 class=\"product-details__subheading product-details__other-flavors-heading\">\n            All Clawtails Flavors        <\/h2>\n        <div class=\"product-details__other-flavors-list\" data-products-count=\"4\">\n                            <a href=\"https:\/\/ca.whiteclaw.com\/fr\/products\/clawtails-strawberry-cosmo\/\" class=\"product-details__other-flavors-link\">\n                    <img decoding=\"async\" class=\"product-details__other-flavors-image\" src=\"https:\/\/ca.whiteclaw.com\/fr\/wp-content\/uploads\/sites\/4\/2026\/02\/White-Claw-ClawTails-StrawberryCosmo-355ml-Front-Super-HDreduce.png?t=1770290881129\" alt=\"\" \/>\n                    <span class=\"product-details__other-flavors-name\">COSMO \u00c0 LA FRAISE<\/span>\n                                                                <div class=\"product-details__other-flavors-new-tag\">NOUVEAU<\/div>\n                                                        <\/a>\n                            <a href=\"https:\/\/ca.whiteclaw.com\/fr\/products\/clawtails-blackberry-mojito\/\" class=\"product-details__other-flavors-link\">\n                    <img decoding=\"async\" class=\"product-details__other-flavors-image\" src=\"https:\/\/ca.whiteclaw.com\/fr\/wp-content\/uploads\/sites\/4\/2026\/02\/White-Claw-ClawTails-BlackBerryMojito-355ml-Front-Super-HDeduce.png?t=1770291287435\" alt=\"\" \/>\n                    <span class=\"product-details__other-flavors-name\">MOJITO \u00c0 LA M\u00dbRE<\/span>\n                                                                <div class=\"product-details__other-flavors-new-tag\">NOUVEAU<\/div>\n                                                        <\/a>\n                            <a href=\"https:\/\/ca.whiteclaw.com\/fr\/products\/clawtails-mango-margarita\/\" class=\"product-details__other-flavors-link\">\n                    <img decoding=\"async\" class=\"product-details__other-flavors-image\" src=\"https:\/\/ca.whiteclaw.com\/fr\/wp-content\/uploads\/sites\/4\/2026\/02\/White-Claw-ClawTails-MangoMagarita-355ml-Front-Super-HDreduce.png?t=1770291777503\" alt=\"\" \/>\n                    <span class=\"product-details__other-flavors-name\">MARGARITA \u00c0 LA MANGUE<\/span>\n                                                                <div class=\"product-details__other-flavors-new-tag\">NOUVEAU<\/div>\n                                                        <\/a>\n                            <a href=\"https:\/\/ca.whiteclaw.com\/fr\/products\/clawtails-tropical-maitai\/\" class=\"product-details__other-flavors-link\">\n                    <img decoding=\"async\" class=\"product-details__other-flavors-image\" src=\"https:\/\/ca.whiteclaw.com\/fr\/wp-content\/uploads\/sites\/4\/2026\/02\/White-Claw-ClawTails-TropicalMaiTai-355ml-Front-Super-HDRESIZED.png?t=1770291886519\" alt=\"\" \/>\n                    <span class=\"product-details__other-flavors-name\">MAI TAI TROPICAL<\/span>\n                                                                <div class=\"product-details__other-flavors-new-tag\">NOUVEAU<\/div>\n                                                        <\/a>\n                    <\/div>\n    <\/div>\n<\/div>\n<\/div>\n\n    <\/div>\n<\/section>\n    <\/div>\n<\/section>\n\n\n<div class=\"instagram wp-block-markanthonygroup-instagram-widget\" style=\"--title-color: #000000; --description-color: #000000\">\n        <h2 class=\"instagram__title\">\n        #WHITECLAWCANADA    <\/h2>\n        \n        <p class=\"instagram__description\">\n        Partagez avec nous vos moments pr\u00e9f\u00e9r\u00e9s.    <\/p>\n        \n    <div class=\"elfsight-app-ba6be281-14fe-40ea-b2fc-6fdd7778462d\" data-elfsight-app-lazy><\/div>\n<\/div>","protected":false},"featured_media":0,"template":"","meta":{"_acf_changed":false,"event_time_zone":"America\/Chicago","event_all_day":"false","event_start_date":"","event_end_date":"","event_date_coming_soon":false,"event_subtitle":"","event_description":"","event_teaser":"Sun, sand, live bands, and an ice-cold Whiteclaw in your hand\u2014what more could you want?","event_highlights":"","event_highlights_summary":"Highlights: Sun-soaked fun with live DJs, volleyball tournaments, and an endless supply of Whiteclaw refreshing flavors.","event_bg_type":"color","event_bg_color":"#F6F6F6","event_bg_image":"","event_hide_from_upcoming_events":"false","event_hide_from_previous_events":"false","event_hide_from_event_calendar":"false","event_use_custom_card_media":false,"event_card_media_type":"image","event_card_image_id":"","event_card_video_type":"uploaded","event_card_youtube_link":"","event_card_desktop_video_id":"","event_card_mobile_video_id":"","event_card_show_in_modal":false,"event_card_play_btn_id":"","event_card_desktop_image_id":"","event_card_mobile_image_id":"","product_available_packs":"[\"81\"]","product_available_packs_order":"","product_available_sizes":"[\"54\"]","product_description":"Des saveurs tropicales de mangue et des notes vives d\u2019agrumes dans un \u00e9quilibre parfait pour un go\u00fbt rafra\u00eechissant en toute simplicit\u00e9. Fait avec de vrais jus de fruits, l\u00e9g\u00e8rement p\u00e9tillant, 7 % alc\/vol.","product_background_image":"https:\/\/ca.whiteclaw.com\/fr\/wp-content\/uploads\/sites\/4\/2026\/02\/Z-UTR3dAxsiBv9cD_Heroimagerefresh-Mango-margarita.avif?t=1770291787182","product_background_color":"#bf3a3a","background_type":"image","product_image":"{\"id\":5065,\"url\":\"https:\/\/ca.whiteclaw.com\/fr\/wp-content\/uploads\/sites\/4\/2026\/02\/White-Claw-ClawTails-MangoMagarita-355ml-Front-Super-HDreduce.png?t=1770291777503\",\"alt\":\"\"}","product_image_type":"box","product_image_fruit":"","gradient_from":"#ffffff","gradient_to":"#ffffff","pack_flavors":"[\"3278\",\"3269\",\"3339\",\"\"]","pack_amounts":"[\"0\",\"0\",\"0\",\"0\"]","product_subtitle":"","product_type":"flavor","product_eans":"","product_badge":"","product_new_tag":"","product_badge_color":"#6f4545","footnotes":""},"product_type":[79,80],"product_sizes":[54],"product_packs":[81],"class_list":["post-5115","product","type-product","status-publish","hentry"],"acf":[],"yoast_head":"<!-- This site is optimized with the Yoast SEO plugin v27.4 - https:\/\/yoast.com\/product\/yoast-seo-wordpress\/ -->\n<title>Margarita \u00c1 La Mangue - White Claw\u00ae | Saisir Le Moment Avec Une Claw<\/title>\n<meta name=\"description\" content=\"Des saveurs tropicales de mangue et des notes vives d\u2019agrumes dans un \u00e9quilibre parfait pour un go\u00fbt rafra\u00eechissant en toute simplicit\u00e9. Fait avec de vrais jus de fruits, l\u00e9g\u00e8rement p\u00e9tillant, 7 % alc\/vol.\" \/>\n<meta name=\"robots\" content=\"index, follow, max-snippet:-1, max-image-preview:large, max-video-preview:-1\" \/>\n<link rel=\"canonical\" href=\"https:\/\/ca.whiteclaw.com\/fr\/products\/clawtails-mango-margarita\/\" \/>\n<meta property=\"og:locale\" content=\"fr_CA\" \/>\n<meta property=\"og:type\" content=\"article\" \/>\n<meta property=\"og:title\" content=\"Margarita \u00c1 La Mangue - White Claw\u00ae | Saisir Le Moment Avec Une Claw\" \/>\n<meta property=\"og:description\" content=\"Des saveurs tropicales de mangue et des notes vives d\u2019agrumes dans un \u00e9quilibre parfait pour un go\u00fbt rafra\u00eechissant en toute simplicit\u00e9. Fait avec de vrais jus de fruits, l\u00e9g\u00e8rement p\u00e9tillant, 7 % alc\/vol.\" \/>\n<meta property=\"og:url\" content=\"https:\/\/ca.whiteclaw.com\/fr\/products\/clawtails-mango-margarita\/\" \/>\n<meta property=\"og:site_name\" content=\"White Claw\u00ae Canada | On prend la vague\" \/>\n<meta property=\"article:modified_time\" content=\"2026-03-02T10:18:14+00:00\" \/>\n<meta name=\"twitter:card\" content=\"summary_large_image\" \/>\n<meta name=\"twitter:label1\" content=\"Est. reading time\" \/>\n\t<meta name=\"twitter:data1\" content=\"1 minute\" \/>\n<script type=\"application\/ld+json\" class=\"yoast-schema-graph\">{\"@context\":\"https:\\\/\\\/schema.org\",\"@graph\":[{\"@type\":\"WebPage\",\"@id\":\"https:\\\/\\\/ca.whiteclaw.com\\\/fr\\\/products\\\/clawtails-mango-margarita\\\/\",\"url\":\"https:\\\/\\\/ca.whiteclaw.com\\\/fr\\\/products\\\/clawtails-mango-margarita\\\/\",\"name\":\"Margarita \u00c1 La Mangue - White Claw\u00ae | Saisir Le Moment Avec Une Claw\",\"isPartOf\":{\"@id\":\"https:\\\/\\\/ca.whiteclaw.com\\\/fr\\\/#website\"},\"datePublished\":\"2026-03-02T10:07:06+00:00\",\"dateModified\":\"2026-03-02T10:18:14+00:00\",\"description\":\"Des saveurs tropicales de mangue et des notes vives d\u2019agrumes dans un \u00e9quilibre parfait pour un go\u00fbt rafra\u00eechissant en toute simplicit\u00e9. Fait avec de vrais jus de fruits, l\u00e9g\u00e8rement p\u00e9tillant, 7 % alc\\\/vol.\",\"breadcrumb\":{\"@id\":\"https:\\\/\\\/ca.whiteclaw.com\\\/fr\\\/products\\\/clawtails-mango-margarita\\\/#breadcrumb\"},\"inLanguage\":\"en-US\",\"potentialAction\":[{\"@type\":\"ReadAction\",\"target\":[\"https:\\\/\\\/ca.whiteclaw.com\\\/fr\\\/products\\\/clawtails-mango-margarita\\\/\"]}]},{\"@type\":\"BreadcrumbList\",\"@id\":\"https:\\\/\\\/ca.whiteclaw.com\\\/fr\\\/products\\\/clawtails-mango-margarita\\\/#breadcrumb\",\"itemListElement\":[{\"@type\":\"ListItem\",\"position\":1,\"name\":\"Home\",\"item\":\"https:\\\/\\\/ca.whiteclaw.com\\\/fr\\\/\"},{\"@type\":\"ListItem\",\"position\":2,\"name\":\"MARGARITA \u00c0 LA MANGUE\"}]},{\"@type\":\"WebSite\",\"@id\":\"https:\\\/\\\/ca.whiteclaw.com\\\/fr\\\/#website\",\"url\":\"https:\\\/\\\/ca.whiteclaw.com\\\/fr\\\/\",\"name\":\"White Claw\u00ae Canada | On prend la vague\",\"description\":\"\",\"publisher\":{\"@id\":\"https:\\\/\\\/ca.whiteclaw.com\\\/fr\\\/#organization\"},\"potentialAction\":[{\"@type\":\"SearchAction\",\"target\":{\"@type\":\"EntryPoint\",\"urlTemplate\":\"https:\\\/\\\/ca.whiteclaw.com\\\/fr\\\/?s={search_term_string}\"},\"query-input\":{\"@type\":\"PropertyValueSpecification\",\"valueRequired\":true,\"valueName\":\"search_term_string\"}}],\"inLanguage\":\"en-US\"},{\"@type\":\"Organization\",\"@id\":\"https:\\\/\\\/ca.whiteclaw.com\\\/fr\\\/#organization\",\"name\":\"White Claw\u00ae Canada | On prend la vague\",\"url\":\"https:\\\/\\\/ca.whiteclaw.com\\\/fr\\\/\",\"logo\":{\"@type\":\"ImageObject\",\"inLanguage\":\"en-US\",\"@id\":\"https:\\\/\\\/ca.whiteclaw.com\\\/fr\\\/#\\\/schema\\\/logo\\\/image\\\/\",\"url\":\"https:\\\/\\\/ca.whiteclaw.com\\\/fr\\\/wp-content\\\/uploads\\\/sites\\\/4\\\/2025\\\/05\\\/cropped-logo.webp\",\"contentUrl\":\"https:\\\/\\\/ca.whiteclaw.com\\\/fr\\\/wp-content\\\/uploads\\\/sites\\\/4\\\/2025\\\/05\\\/cropped-logo.webp\",\"width\":120,\"height\":120,\"caption\":\"White Claw\u00ae Canada | On prend la vague  \"},\"image\":{\"@id\":\"https:\\\/\\\/ca.whiteclaw.com\\\/fr\\\/#\\\/schema\\\/logo\\\/image\\\/\"}}]}<\/script>\n<!-- \/ Yoast SEO plugin. -->","yoast_head_json":{"title":"Margarita \u00c1 La Mangue - White Claw\u00ae | Saisir Le Moment Avec Une Claw","description":"Des saveurs tropicales de mangue et des notes vives d\u2019agrumes dans un \u00e9quilibre parfait pour un go\u00fbt rafra\u00eechissant en toute simplicit\u00e9. Fait avec de vrais jus de fruits, l\u00e9g\u00e8rement p\u00e9tillant, 7 % alc\/vol.","robots":{"index":"index","follow":"follow","max-snippet":"max-snippet:-1","max-image-preview":"max-image-preview:large","max-video-preview":"max-video-preview:-1"},"canonical":"https:\/\/ca.whiteclaw.com\/fr\/products\/clawtails-mango-margarita\/","og_locale":"fr_CA","og_type":"article","og_title":"Margarita \u00c1 La Mangue - White Claw\u00ae | Saisir Le Moment Avec Une Claw","og_description":"Des saveurs tropicales de mangue et des notes vives d\u2019agrumes dans un \u00e9quilibre parfait pour un go\u00fbt rafra\u00eechissant en toute simplicit\u00e9. Fait avec de vrais jus de fruits, l\u00e9g\u00e8rement p\u00e9tillant, 7 % alc\/vol.","og_url":"https:\/\/ca.whiteclaw.com\/fr\/products\/clawtails-mango-margarita\/","og_site_name":"White Claw\u00ae Canada | On prend la vague","article_modified_time":"2026-03-02T10:18:14+00:00","twitter_card":"summary_large_image","twitter_misc":{"Est. reading time":"1 minute"},"schema":{"@context":"https:\/\/schema.org","@graph":[{"@type":"WebPage","@id":"https:\/\/ca.whiteclaw.com\/fr\/products\/clawtails-mango-margarita\/","url":"https:\/\/ca.whiteclaw.com\/fr\/products\/clawtails-mango-margarita\/","name":"Margarita \u00c1 La Mangue - White Claw\u00ae | Saisir Le Moment Avec Une Claw","isPartOf":{"@id":"https:\/\/ca.whiteclaw.com\/fr\/#website"},"datePublished":"2026-03-02T10:07:06+00:00","dateModified":"2026-03-02T10:18:14+00:00","description":"Des saveurs tropicales de mangue et des notes vives d\u2019agrumes dans un \u00e9quilibre parfait pour un go\u00fbt rafra\u00eechissant en toute simplicit\u00e9. Fait avec de vrais jus de fruits, l\u00e9g\u00e8rement p\u00e9tillant, 7 % alc\/vol.","breadcrumb":{"@id":"https:\/\/ca.whiteclaw.com\/fr\/products\/clawtails-mango-margarita\/#breadcrumb"},"inLanguage":"en-US","potentialAction":[{"@type":"ReadAction","target":["https:\/\/ca.whiteclaw.com\/fr\/products\/clawtails-mango-margarita\/"]}]},{"@type":"BreadcrumbList","@id":"https:\/\/ca.whiteclaw.com\/fr\/products\/clawtails-mango-margarita\/#breadcrumb","itemListElement":[{"@type":"ListItem","position":1,"name":"Home","item":"https:\/\/ca.whiteclaw.com\/fr\/"},{"@type":"ListItem","position":2,"name":"MARGARITA \u00c0 LA MANGUE"}]},{"@type":"WebSite","@id":"https:\/\/ca.whiteclaw.com\/fr\/#website","url":"https:\/\/ca.whiteclaw.com\/fr\/","name":"White Claw\u00ae Canada | On prend la vague","description":"","publisher":{"@id":"https:\/\/ca.whiteclaw.com\/fr\/#organization"},"potentialAction":[{"@type":"SearchAction","target":{"@type":"EntryPoint","urlTemplate":"https:\/\/ca.whiteclaw.com\/fr\/?s={search_term_string}"},"query-input":{"@type":"PropertyValueSpecification","valueRequired":true,"valueName":"search_term_string"}}],"inLanguage":"en-US"},{"@type":"Organization","@id":"https:\/\/ca.whiteclaw.com\/fr\/#organization","name":"White Claw\u00ae Canada | On prend la vague","url":"https:\/\/ca.whiteclaw.com\/fr\/","logo":{"@type":"ImageObject","inLanguage":"en-US","@id":"https:\/\/ca.whiteclaw.com\/fr\/#\/schema\/logo\/image\/","url":"https:\/\/ca.whiteclaw.com\/fr\/wp-content\/uploads\/sites\/4\/2025\/05\/cropped-logo.webp","contentUrl":"https:\/\/ca.whiteclaw.com\/fr\/wp-content\/uploads\/sites\/4\/2025\/05\/cropped-logo.webp","width":120,"height":120,"caption":"White Claw\u00ae Canada | On prend la vague  "},"image":{"@id":"https:\/\/ca.whiteclaw.com\/fr\/#\/schema\/logo\/image\/"}}]}},"product_hierarchy":{"category":"Clawtails","subcategory":"Clawtails","category_id":79,"subcategory_id":80,"category_slug":"clawtails","subcategory_slug":"clawtails-originales","subcategory_new_tag":"NOUVEAU","product_id":5115,"product_name":"MARGARITA \u00c0 LA MANGUE","menu_order":21},"product_taxonomies":{"product_size":{"id":54,"name":"355 mL","slug":"355-ml","icon":"https:\/\/ca.whiteclaw.com\/fr\/wp-content\/uploads\/sites\/4\/2025\/08\/product-size-icon-355mL.png","text":"355 mL"},"product_pack":{"id":81,"name":"Clawtails Caisse Mixte - 12 unit\u00e9s","slug":"clawtails-caisse-mixte-12-unites","icon_type":"number","icon_number":"12","icon_image":"","text":"Clawtails Caisse Mixte - 12 unit\u00e9s"}},"_links":{"self":[{"href":"https:\/\/ca.whiteclaw.com\/fr\/wp-json\/wp\/v2\/product\/5115","targetHints":{"allow":["GET"]}}],"collection":[{"href":"https:\/\/ca.whiteclaw.com\/fr\/wp-json\/wp\/v2\/product"}],"about":[{"href":"https:\/\/ca.whiteclaw.com\/fr\/wp-json\/wp\/v2\/types\/product"}],"version-history":[{"count":1,"href":"https:\/\/ca.whiteclaw.com\/fr\/wp-json\/wp\/v2\/product\/5115\/revisions"}],"predecessor-version":[{"id":5226,"href":"https:\/\/ca.whiteclaw.com\/fr\/wp-json\/wp\/v2\/product\/5115\/revisions\/5226"}],"wp:attachment":[{"href":"https:\/\/ca.whiteclaw.com\/fr\/wp-json\/wp\/v2\/media?parent=5115"}],"wp:term":[{"taxonomy":"product_type","embeddable":true,"href":"https:\/\/ca.whiteclaw.com\/fr\/wp-json\/wp\/v2\/product_type?post=5115"},{"taxonomy":"product_sizes","embeddable":true,"href":"https:\/\/ca.whiteclaw.com\/fr\/wp-json\/wp\/v2\/product_sizes?post=5115"},{"taxonomy":"product_packs","embeddable":true,"href":"https:\/\/ca.whiteclaw.com\/fr\/wp-json\/wp\/v2\/product_packs?post=5115"}],"curies":[{"name":"wp","href":"https:\/\/api.w.org\/{rel}","templated":true}]}}