{"id":5122,"date":"2026-03-02T10:08:29","date_gmt":"2026-03-02T10:08:29","guid":{"rendered":"https:\/\/ca.whiteclaw.com\/fr\/?post_type=product&#038;p=5122"},"modified":"2026-03-02T10:50:49","modified_gmt":"2026-03-02T10:50:49","slug":"caisse-mixte","status":"publish","type":"product","link":"https:\/\/ca.whiteclaw.com\/fr\/products\/caisse-mixte\/","title":{"rendered":"CAISSE MIXTE"},"content":{"rendered":"<section class=\"product-details\">\n    <div class=\"product-details__wrapper\">\n        \n<section class=\"product-details\">\n    <div class=\"product-details__wrapper\">\n        \n<div class=\"product-details__content\">\n    \n<div style=\"--product-background-image: url(https:\/\/ca.whiteclaw.com\/fr\/wp-content\/uploads\/sites\/4\/2026\/02\/Z-UTR3dAxsiBv9cD_Heroimagerefresh-Mango-margarita.avif?t=1770292256966);\" class=\"product-details__images product-details__images-type--box has-bg-image wp-block-markanthonygroup-product-details-image\">\n    <div class=\"product-details__image product-details__image--pack\">\n        <div class=\"product-details__image-wrapper\">\n                            <img decoding=\"async\" src=\"https:\/\/ca.whiteclaw.com\/fr\/wp-content\/uploads\/sites\/4\/2026\/02\/00848819002033_LAF-5-2-e1772447734109.png?t=1772447746690\"\n                    alt=\"\" class=\"product-details__img-large\" \/>\n                                <\/div>\n    <\/div>\n<\/div>\n\n<div class=\"product-details__body\" data-category=\"clawtails-originales\">\n    \n<h1 class=\"product-details__title\" style=\"color:#ec6625;\">CAISSE MIXTE<\/h1>\n\n    <div class=\"product-details__description\">\n        <p class=\"product-details__description-text\">Tout ce que vous aimez des classiques, revisit\u00e9s en quatre saveurs \u00e9clatantes pour tous les go\u00fbts. Le profil intense du Cosmo, la vivacit\u00e9 du Mojito, la touche tropicale du Mai Tai et les saveurs juteuses de la Margarita. Fait avec de vrais jus, l\u00e9g\u00e8rement p\u00e9tillant, 7\u00a0% alc\/vol.<\/p>\n    <\/div>\n    \n\n\n<div class=\"product-details__icons\">\n  <div class=\"product-details__icons-panel\">\n    \n\n<div class=\"icon-set wp-block-markanthonygroup-icon-set\">\n    \n\n<div class=\"icon-set__icon-wrap wp-block-markanthonygroup-icon\">\n\n    \n        <img decoding=\"async\" src=\"https:\/\/ca.whiteclaw.com\/fr\/wp-content\/uploads\/sites\/4\/2026\/02\/category-icon-alc-vol-7.png\" class=\"icon-set__icon\" alt=\"Alc.\/Vol\" \/>\n    \n    <span class=\"icon-set__icon-title\">Alc.\/Vol<\/span>\n    <span class=\"icon-set__icon-subtitle\"><\/span>\n\n<\/div>\n\n\n<div class=\"icon-set__icon-wrap wp-block-markanthonygroup-icon\">\n\n    \n        <img decoding=\"async\" src=\"https:\/\/ca.whiteclaw.com\/fr\/wp-content\/uploads\/sites\/4\/2026\/02\/category-icon-lightly-sparkling.png\" class=\"icon-set__icon\" alt=\"L\u00c9G\u00c8REMENT P\u00c9TILLANT\" \/>\n    \n    <span class=\"icon-set__icon-title\">L\u00c9G\u00c8REMENT P\u00c9TILLANT<\/span>\n    <span class=\"icon-set__icon-subtitle\"><\/span>\n\n<\/div>\n\n\n<div class=\"icon-set__icon-wrap wp-block-markanthonygroup-icon\">\n\n    \n        <img decoding=\"async\" src=\"https:\/\/ca.whiteclaw.com\/fr\/wp-content\/uploads\/sites\/4\/2026\/02\/category-icon-real-juice.png\" class=\"icon-set__icon\" alt=\"VRAI JUS\" \/>\n    \n    <span class=\"icon-set__icon-title\">VRAI JUS<\/span>\n    <span class=\"icon-set__icon-subtitle\"><\/span>\n\n<\/div>\n<\/div>\n  <\/div>\n<\/div>\n\n\n\n\n\n<div class=\"product-details__pack-contents\">\n    <h2 class=\"product-details__subheading product-details__pack-contents-heading\">La caisse mixte contient:<\/h2>\n    <ul class=\"product-details__pack-contents-list\">\n                    <a class=\"product-details__pack-contents-link\" href=\"https:\/\/ca.whiteclaw.com\/fr\/products\/clawtails-strawberry-cosmo\/\">\n                <img decoding=\"async\" src=\"https:\/\/ca.whiteclaw.com\/fr\/wp-content\/uploads\/sites\/4\/2026\/02\/White-Claw-ClawTails-StrawberryCosmo-355ml-Front-Super-HDreduce.png?t=1770290881129\" alt=\"\" class=\"product-details__pack-contents-image\" \/>\n                <span class=\"product-details__pack-contents-name\">COSMO \u00c0 LA FRAISE<\/span>\n                                                    <div class=\"product-details__pack-contents-new-tag\">NOUVEAU<\/div>\n                                            <\/a>\n                    <a class=\"product-details__pack-contents-link\" href=\"https:\/\/ca.whiteclaw.com\/fr\/products\/clawtails-mango-margarita\/\">\n                <img decoding=\"async\" src=\"https:\/\/ca.whiteclaw.com\/fr\/wp-content\/uploads\/sites\/4\/2026\/02\/White-Claw-ClawTails-MangoMagarita-355ml-Front-Super-HDreduce.png?t=1770291777503\" alt=\"\" class=\"product-details__pack-contents-image\" \/>\n                <span class=\"product-details__pack-contents-name\">MARGARITA \u00c0 LA MANGUE<\/span>\n                                                    <div class=\"product-details__pack-contents-new-tag\">NOUVEAU<\/div>\n                                            <\/a>\n                    <a class=\"product-details__pack-contents-link\" href=\"https:\/\/ca.whiteclaw.com\/fr\/products\/clawtails-blackberry-mojito\/\">\n                <img decoding=\"async\" src=\"https:\/\/ca.whiteclaw.com\/fr\/wp-content\/uploads\/sites\/4\/2026\/02\/White-Claw-ClawTails-BlackBerryMojito-355ml-Front-Super-HDeduce.png?t=1770291287435\" alt=\"\" class=\"product-details__pack-contents-image\" \/>\n                <span class=\"product-details__pack-contents-name\">MOJITO \u00c0 LA M\u00dbRE<\/span>\n                                                    <div class=\"product-details__pack-contents-new-tag\">NOUVEAU<\/div>\n                                            <\/a>\n                    <a class=\"product-details__pack-contents-link\" href=\"https:\/\/ca.whiteclaw.com\/fr\/products\/clawtails-tropical-maitai\/\">\n                <img decoding=\"async\" src=\"https:\/\/ca.whiteclaw.com\/fr\/wp-content\/uploads\/sites\/4\/2026\/02\/White-Claw-ClawTails-TropicalMaiTai-355ml-Front-Super-HDRESIZED.png?t=1770291886519\" alt=\"\" class=\"product-details__pack-contents-image\" \/>\n                <span class=\"product-details__pack-contents-name\">MAI TAI TROPICAL<\/span>\n                                                    <div class=\"product-details__pack-contents-new-tag\">NOUVEAU<\/div>\n                                            <\/a>\n            <\/ul>\n<\/div>\n\n\n<\/div>\n<\/div>\n\n    <\/div>\n<\/section>\n    <\/div>\n<\/section>\n\n\n<div class=\"instagram wp-block-markanthonygroup-instagram-widget\" style=\"--title-color: #000000; --description-color: #000000\">\n        <h2 class=\"instagram__title\">\n        #WHITECLAWCANADA    <\/h2>\n        \n        <p class=\"instagram__description\">\n        Partagez avec nous vos moments pr\u00e9f\u00e9r\u00e9s.    <\/p>\n        \n    <div class=\"elfsight-app-ba6be281-14fe-40ea-b2fc-6fdd7778462d\" data-elfsight-app-lazy><\/div>\n<\/div>","protected":false},"featured_media":0,"template":"","meta":{"_acf_changed":false,"event_time_zone":"America\/Chicago","event_all_day":"false","event_start_date":"","event_end_date":"","event_date_coming_soon":false,"event_subtitle":"","event_description":"","event_teaser":"Sun, sand, live bands, and an ice-cold Whiteclaw in your hand\u2014what more could you want?","event_highlights":"","event_highlights_summary":"Highlights: Sun-soaked fun with live DJs, volleyball tournaments, and an endless supply of Whiteclaw refreshing flavors.","event_bg_type":"color","event_bg_color":"#F6F6F6","event_bg_image":"","event_hide_from_upcoming_events":"false","event_hide_from_previous_events":"false","event_hide_from_event_calendar":"false","event_use_custom_card_media":false,"event_card_media_type":"image","event_card_image_id":"","event_card_video_type":"uploaded","event_card_youtube_link":"","event_card_desktop_video_id":"","event_card_mobile_video_id":"","event_card_show_in_modal":false,"event_card_play_btn_id":"","event_card_desktop_image_id":"","event_card_mobile_image_id":"","product_available_packs":"[\"61\"]","product_available_packs_order":"","product_available_sizes":"[\"54\"]","product_description":"Tout ce que vous aimez des classiques, revisit\u00e9s en quatre saveurs \u00e9clatantes pour tous les go\u00fbts. Le profil intense du Cosmo, la vivacit\u00e9 du Mojito, la touche tropicale du Mai Tai et les saveurs juteuses de la Margarita. Fait avec de vrais jus, l\u00e9g\u00e8rement p\u00e9tillant, 7\u00a0% alc\/vol.","product_background_image":"https:\/\/ca.whiteclaw.com\/fr\/wp-content\/uploads\/sites\/4\/2026\/02\/Z-UTR3dAxsiBv9cD_Heroimagerefresh-Mango-margarita.avif?t=1770292256966","product_background_color":"#bf3a3a","background_type":"image","product_image":"{\"id\":5129,\"url\":\"https:\/\/ca.whiteclaw.com\/fr\/wp-content\/uploads\/sites\/4\/2026\/02\/00848819002033_LAF-5-2-e1772447734109.png?t=1772447746690\",\"alt\":\"\"}","product_image_type":"box","product_image_fruit":"","gradient_from":"#ffffff","gradient_to":"#ffffff","pack_flavors":"[\"5102\",\"5115\",\"5109\",\"5118\"]","pack_amounts":"[\"0\",\"0\",\"0\",\"0\"]","product_subtitle":"","product_type":"pack","product_eans":"","product_badge":"","product_new_tag":"NEW","product_badge_color":"#6f4545","footnotes":""},"product_type":[79,80],"product_sizes":[],"product_packs":[],"class_list":["post-5122","product","type-product","status-publish","hentry"],"acf":[],"yoast_head":"<!-- This site is optimized with the Yoast SEO plugin v27.4 - https:\/\/yoast.com\/product\/yoast-seo-wordpress\/ -->\n<title>Clawtails\u00ae Caisse Mixte - White Claw\u00ae | Saisir Le Moment Avec Une Claw<\/title>\n<meta name=\"description\" content=\"Fait avec de vrais jus, l\u00e9g\u00e8rement p\u00e9tillant, 7\u00a0% alc\/vol. Partagez vos moments pr\u00e9f\u00e9r\u00e9s avec nous. Tout ce que vous aimez des classiques, revisit\u00e9s en quatre saveurs \u00e9clatantes pour tous les go\u00fbts.\" \/>\n<meta name=\"robots\" content=\"index, follow, max-snippet:-1, max-image-preview:large, max-video-preview:-1\" \/>\n<link rel=\"canonical\" href=\"https:\/\/ca.whiteclaw.com\/fr\/products\/caisse-mixte\/\" \/>\n<meta property=\"og:locale\" content=\"fr_CA\" \/>\n<meta property=\"og:type\" content=\"article\" \/>\n<meta property=\"og:title\" content=\"Clawtails\u00ae Caisse Mixte - White Claw\u00ae | Saisir Le Moment Avec Une Claw\" \/>\n<meta property=\"og:description\" content=\"Fait avec de vrais jus, l\u00e9g\u00e8rement p\u00e9tillant, 7\u00a0% alc\/vol. Partagez vos moments pr\u00e9f\u00e9r\u00e9s avec nous. Tout ce que vous aimez des classiques, revisit\u00e9s en quatre saveurs \u00e9clatantes pour tous les go\u00fbts.\" \/>\n<meta property=\"og:url\" content=\"https:\/\/ca.whiteclaw.com\/fr\/products\/caisse-mixte\/\" \/>\n<meta property=\"og:site_name\" content=\"White Claw\u00ae Canada | On prend la vague\" \/>\n<meta property=\"article:modified_time\" content=\"2026-03-02T10:50:49+00:00\" \/>\n<meta name=\"twitter:card\" content=\"summary_large_image\" \/>\n<meta name=\"twitter:label1\" content=\"Est. reading time\" \/>\n\t<meta name=\"twitter:data1\" content=\"1 minute\" \/>\n<script type=\"application\/ld+json\" class=\"yoast-schema-graph\">{\"@context\":\"https:\\\/\\\/schema.org\",\"@graph\":[{\"@type\":\"WebPage\",\"@id\":\"https:\\\/\\\/ca.whiteclaw.com\\\/fr\\\/products\\\/caisse-mixte\\\/\",\"url\":\"https:\\\/\\\/ca.whiteclaw.com\\\/fr\\\/products\\\/caisse-mixte\\\/\",\"name\":\"Clawtails\u00ae Caisse Mixte - White Claw\u00ae | Saisir Le Moment Avec Une Claw\",\"isPartOf\":{\"@id\":\"https:\\\/\\\/ca.whiteclaw.com\\\/fr\\\/#website\"},\"datePublished\":\"2026-03-02T10:08:29+00:00\",\"dateModified\":\"2026-03-02T10:50:49+00:00\",\"description\":\"Fait avec de vrais jus, l\u00e9g\u00e8rement p\u00e9tillant, 7\u00a0% alc\\\/vol. Partagez vos moments pr\u00e9f\u00e9r\u00e9s avec nous. Tout ce que vous aimez des classiques, revisit\u00e9s en quatre saveurs \u00e9clatantes pour tous les go\u00fbts.\",\"breadcrumb\":{\"@id\":\"https:\\\/\\\/ca.whiteclaw.com\\\/fr\\\/products\\\/caisse-mixte\\\/#breadcrumb\"},\"inLanguage\":\"en-US\",\"potentialAction\":[{\"@type\":\"ReadAction\",\"target\":[\"https:\\\/\\\/ca.whiteclaw.com\\\/fr\\\/products\\\/caisse-mixte\\\/\"]}]},{\"@type\":\"BreadcrumbList\",\"@id\":\"https:\\\/\\\/ca.whiteclaw.com\\\/fr\\\/products\\\/caisse-mixte\\\/#breadcrumb\",\"itemListElement\":[{\"@type\":\"ListItem\",\"position\":1,\"name\":\"Home\",\"item\":\"https:\\\/\\\/ca.whiteclaw.com\\\/fr\\\/\"},{\"@type\":\"ListItem\",\"position\":2,\"name\":\"CAISSE MIXTE\"}]},{\"@type\":\"WebSite\",\"@id\":\"https:\\\/\\\/ca.whiteclaw.com\\\/fr\\\/#website\",\"url\":\"https:\\\/\\\/ca.whiteclaw.com\\\/fr\\\/\",\"name\":\"White Claw\u00ae Canada | On prend la vague\",\"description\":\"\",\"publisher\":{\"@id\":\"https:\\\/\\\/ca.whiteclaw.com\\\/fr\\\/#organization\"},\"potentialAction\":[{\"@type\":\"SearchAction\",\"target\":{\"@type\":\"EntryPoint\",\"urlTemplate\":\"https:\\\/\\\/ca.whiteclaw.com\\\/fr\\\/?s={search_term_string}\"},\"query-input\":{\"@type\":\"PropertyValueSpecification\",\"valueRequired\":true,\"valueName\":\"search_term_string\"}}],\"inLanguage\":\"en-US\"},{\"@type\":\"Organization\",\"@id\":\"https:\\\/\\\/ca.whiteclaw.com\\\/fr\\\/#organization\",\"name\":\"White Claw\u00ae Canada | On prend la vague\",\"url\":\"https:\\\/\\\/ca.whiteclaw.com\\\/fr\\\/\",\"logo\":{\"@type\":\"ImageObject\",\"inLanguage\":\"en-US\",\"@id\":\"https:\\\/\\\/ca.whiteclaw.com\\\/fr\\\/#\\\/schema\\\/logo\\\/image\\\/\",\"url\":\"https:\\\/\\\/ca.whiteclaw.com\\\/fr\\\/wp-content\\\/uploads\\\/sites\\\/4\\\/2025\\\/05\\\/cropped-logo.webp\",\"contentUrl\":\"https:\\\/\\\/ca.whiteclaw.com\\\/fr\\\/wp-content\\\/uploads\\\/sites\\\/4\\\/2025\\\/05\\\/cropped-logo.webp\",\"width\":120,\"height\":120,\"caption\":\"White Claw\u00ae Canada | On prend la vague  \"},\"image\":{\"@id\":\"https:\\\/\\\/ca.whiteclaw.com\\\/fr\\\/#\\\/schema\\\/logo\\\/image\\\/\"}}]}<\/script>\n<!-- \/ Yoast SEO plugin. -->","yoast_head_json":{"title":"Clawtails\u00ae Caisse Mixte - White Claw\u00ae | Saisir Le Moment Avec Une Claw","description":"Fait avec de vrais jus, l\u00e9g\u00e8rement p\u00e9tillant, 7\u00a0% alc\/vol. Partagez vos moments pr\u00e9f\u00e9r\u00e9s avec nous. Tout ce que vous aimez des classiques, revisit\u00e9s en quatre saveurs \u00e9clatantes pour tous les go\u00fbts.","robots":{"index":"index","follow":"follow","max-snippet":"max-snippet:-1","max-image-preview":"max-image-preview:large","max-video-preview":"max-video-preview:-1"},"canonical":"https:\/\/ca.whiteclaw.com\/fr\/products\/caisse-mixte\/","og_locale":"fr_CA","og_type":"article","og_title":"Clawtails\u00ae Caisse Mixte - White Claw\u00ae | Saisir Le Moment Avec Une Claw","og_description":"Fait avec de vrais jus, l\u00e9g\u00e8rement p\u00e9tillant, 7\u00a0% alc\/vol. Partagez vos moments pr\u00e9f\u00e9r\u00e9s avec nous. Tout ce que vous aimez des classiques, revisit\u00e9s en quatre saveurs \u00e9clatantes pour tous les go\u00fbts.","og_url":"https:\/\/ca.whiteclaw.com\/fr\/products\/caisse-mixte\/","og_site_name":"White Claw\u00ae Canada | On prend la vague","article_modified_time":"2026-03-02T10:50:49+00:00","twitter_card":"summary_large_image","twitter_misc":{"Est. reading time":"1 minute"},"schema":{"@context":"https:\/\/schema.org","@graph":[{"@type":"WebPage","@id":"https:\/\/ca.whiteclaw.com\/fr\/products\/caisse-mixte\/","url":"https:\/\/ca.whiteclaw.com\/fr\/products\/caisse-mixte\/","name":"Clawtails\u00ae Caisse Mixte - White Claw\u00ae | Saisir Le Moment Avec Une Claw","isPartOf":{"@id":"https:\/\/ca.whiteclaw.com\/fr\/#website"},"datePublished":"2026-03-02T10:08:29+00:00","dateModified":"2026-03-02T10:50:49+00:00","description":"Fait avec de vrais jus, l\u00e9g\u00e8rement p\u00e9tillant, 7\u00a0% alc\/vol. Partagez vos moments pr\u00e9f\u00e9r\u00e9s avec nous. Tout ce que vous aimez des classiques, revisit\u00e9s en quatre saveurs \u00e9clatantes pour tous les go\u00fbts.","breadcrumb":{"@id":"https:\/\/ca.whiteclaw.com\/fr\/products\/caisse-mixte\/#breadcrumb"},"inLanguage":"en-US","potentialAction":[{"@type":"ReadAction","target":["https:\/\/ca.whiteclaw.com\/fr\/products\/caisse-mixte\/"]}]},{"@type":"BreadcrumbList","@id":"https:\/\/ca.whiteclaw.com\/fr\/products\/caisse-mixte\/#breadcrumb","itemListElement":[{"@type":"ListItem","position":1,"name":"Home","item":"https:\/\/ca.whiteclaw.com\/fr\/"},{"@type":"ListItem","position":2,"name":"CAISSE MIXTE"}]},{"@type":"WebSite","@id":"https:\/\/ca.whiteclaw.com\/fr\/#website","url":"https:\/\/ca.whiteclaw.com\/fr\/","name":"White Claw\u00ae Canada | On prend la vague","description":"","publisher":{"@id":"https:\/\/ca.whiteclaw.com\/fr\/#organization"},"potentialAction":[{"@type":"SearchAction","target":{"@type":"EntryPoint","urlTemplate":"https:\/\/ca.whiteclaw.com\/fr\/?s={search_term_string}"},"query-input":{"@type":"PropertyValueSpecification","valueRequired":true,"valueName":"search_term_string"}}],"inLanguage":"en-US"},{"@type":"Organization","@id":"https:\/\/ca.whiteclaw.com\/fr\/#organization","name":"White Claw\u00ae Canada | On prend la vague","url":"https:\/\/ca.whiteclaw.com\/fr\/","logo":{"@type":"ImageObject","inLanguage":"en-US","@id":"https:\/\/ca.whiteclaw.com\/fr\/#\/schema\/logo\/image\/","url":"https:\/\/ca.whiteclaw.com\/fr\/wp-content\/uploads\/sites\/4\/2025\/05\/cropped-logo.webp","contentUrl":"https:\/\/ca.whiteclaw.com\/fr\/wp-content\/uploads\/sites\/4\/2025\/05\/cropped-logo.webp","width":120,"height":120,"caption":"White Claw\u00ae Canada | On prend la vague  "},"image":{"@id":"https:\/\/ca.whiteclaw.com\/fr\/#\/schema\/logo\/image\/"}}]}},"product_hierarchy":{"category":"Clawtails","subcategory":"Clawtails","category_id":79,"subcategory_id":80,"category_slug":"clawtails","subcategory_slug":"clawtails-originales","subcategory_new_tag":"NOUVEAU","product_id":5122,"product_name":"CAISSE MIXTE","menu_order":21},"product_taxonomies":{"product_size":null,"product_pack":null},"_links":{"self":[{"href":"https:\/\/ca.whiteclaw.com\/fr\/wp-json\/wp\/v2\/product\/5122","targetHints":{"allow":["GET"]}}],"collection":[{"href":"https:\/\/ca.whiteclaw.com\/fr\/wp-json\/wp\/v2\/product"}],"about":[{"href":"https:\/\/ca.whiteclaw.com\/fr\/wp-json\/wp\/v2\/types\/product"}],"version-history":[{"count":4,"href":"https:\/\/ca.whiteclaw.com\/fr\/wp-json\/wp\/v2\/product\/5122\/revisions"}],"predecessor-version":[{"id":5261,"href":"https:\/\/ca.whiteclaw.com\/fr\/wp-json\/wp\/v2\/product\/5122\/revisions\/5261"}],"wp:attachment":[{"href":"https:\/\/ca.whiteclaw.com\/fr\/wp-json\/wp\/v2\/media?parent=5122"}],"wp:term":[{"taxonomy":"product_type","embeddable":true,"href":"https:\/\/ca.whiteclaw.com\/fr\/wp-json\/wp\/v2\/product_type?post=5122"},{"taxonomy":"product_sizes","embeddable":true,"href":"https:\/\/ca.whiteclaw.com\/fr\/wp-json\/wp\/v2\/product_sizes?post=5122"},{"taxonomy":"product_packs","embeddable":true,"href":"https:\/\/ca.whiteclaw.com\/fr\/wp-json\/wp\/v2\/product_packs?post=5122"}],"curies":[{"name":"wp","href":"https:\/\/api.w.org\/{rel}","templated":true}]}}